
{"id":1740,"date":"2016-05-06T11:02:12","date_gmt":"2016-05-06T09:02:12","guid":{"rendered":"https:\/\/www.reinartz.de\/fr\/?page_id=1740"},"modified":"2019-09-05T15:56:36","modified_gmt":"2019-09-05T13:56:36","slug":"compactropha","status":"publish","type":"page","link":"https:\/\/www.reinartz.de\/fr\/compactropha\/","title":{"rendered":"Ind\u00e9pendance Mobile : Le CompacTropha\u00ae de Reinartz"},"content":{"rendered":"<div class=\"column-group columns-2\"><br \/>\n<div class=\"column column-number-1 column-span-1\"><p>L\u2019installation mobile de presse en container Compactropha\u00ae peut, gr\u00e2ce \u00e0 ses deux presses int\u00e9gr\u00e9es, traiter en tout 400 kg de graines de Jatropha par heure et, dans un deuxi\u00e8me temps, produire de l\u2019\u00e9lectricit\u00e9 directement sur place. \u00c0 partir d\u2019un rendement de 140 L \u00e0 l\u2019heure d\u2019huile brute, on peut produire jusqu\u2019\u00e0 400 kilowatt d\u2019\u00e9lectricit\u00e9 &#8211; suffisamment, par exemple, pour couvrir pendant 24 heures le besoin en \u00e9lectricit\u00e9 d\u2019un village africain avec toutes ses institutions publiques, comme une \u00e9cole ou un h\u00f4pital.<\/p>\n<\/div><\/p>\n<p><div class=\"column column-number-2 last column-span-1\"><p>\nLa production d\u2019huile \u00e9tait jusque-l\u00e0 exclusivement possible par exportation des graines. D\u00e9sormais, elle peut \u00eatre r\u00e9alis\u00e9e directement sur place. Et \u00e0 l\u2019aide d\u2019un g\u00e9n\u00e9rateur dans le second container, il est possible de produire aussi de l\u2019\u00e9lectricit\u00e9. Ce nouveau proc\u00e9d\u00e9 est rendu possible par la combinaison directe de deux presses \u00e0 vis sans fin mobiles et d\u2019un g\u00e9n\u00e9rateur, menant \u00e0 une unit\u00e9 travaillant en autarcie. Le CompacTropha\u00ae offre une solution avantageuse, flexible et respectueuse des enjeux climatiques, surtout pour les zones rurales tropicales des pays \u00e9mergents ou en voie de d\u00e9veloppement o\u00f9 est cultiv\u00e9 le Jatropha.<\/p>\n<\/div><br \/>\n<\/div>\n","protected":false},"excerpt":{"rendered":"","protected":false},"author":4,"featured_media":0,"parent":0,"menu_order":0,"comment_status":"closed","ping_status":"closed","template":"page-products.php","meta":{"_acf_changed":false,"inline_featured_image":false,"footnotes":""},"class_list":["post-1740","page","type-page","status-publish","hentry"],"acf":[],"yoast_head":"<!-- This site is optimized with the Yoast SEO plugin v27.2 - https:\/\/yoast.com\/product\/yoast-seo-wordpress\/ -->\n<title>Ind\u00e9pendance Mobile : Le CompacTropha\u00ae de Reinartz - Reinartz<\/title>\n<meta name=\"robots\" content=\"index, follow, max-snippet:-1, max-image-preview:large, max-video-preview:-1\" \/>\n<link rel=\"canonical\" href=\"https:\/\/www.reinartz.de\/fr\/compactropha\/\" \/>\n<meta property=\"og:locale\" content=\"fr_FR\" \/>\n<meta property=\"og:type\" content=\"article\" \/>\n<meta property=\"og:title\" content=\"Ind\u00e9pendance Mobile : Le CompacTropha\u00ae de Reinartz - Reinartz\" \/>\n<meta property=\"og:url\" content=\"https:\/\/www.reinartz.de\/fr\/compactropha\/\" \/>\n<meta property=\"og:site_name\" content=\"Reinartz\" \/>\n<meta property=\"article:publisher\" content=\"https:\/\/www.facebook.com\/reinartzneuss\/\" \/>\n<meta property=\"article:modified_time\" content=\"2019-09-05T13:56:36+00:00\" \/>\n<script type=\"application\/ld+json\" class=\"yoast-schema-graph\">{\"@context\":\"https:\/\/schema.org\",\"@graph\":[{\"@type\":\"WebPage\",\"@id\":\"https:\/\/www.reinartz.de\/fr\/compactropha\/\",\"url\":\"https:\/\/www.reinartz.de\/fr\/compactropha\/\",\"name\":\"Ind\u00e9pendance Mobile : Le CompacTropha\u00ae de Reinartz - Reinartz\",\"isPartOf\":{\"@id\":\"https:\/\/www.reinartz.de\/fr\/#website\"},\"datePublished\":\"2016-05-06T09:02:12+00:00\",\"dateModified\":\"2019-09-05T13:56:36+00:00\",\"breadcrumb\":{\"@id\":\"https:\/\/www.reinartz.de\/fr\/compactropha\/#breadcrumb\"},\"inLanguage\":\"fr-FR\",\"potentialAction\":[{\"@type\":\"ReadAction\",\"target\":[\"https:\/\/www.reinartz.de\/fr\/compactropha\/\"]}]},{\"@type\":\"BreadcrumbList\",\"@id\":\"https:\/\/www.reinartz.de\/fr\/compactropha\/#breadcrumb\",\"itemListElement\":[{\"@type\":\"ListItem\",\"position\":1,\"name\":\"Home\",\"item\":\"https:\/\/www.reinartz.de\/fr\/\"},{\"@type\":\"ListItem\",\"position\":2,\"name\":\"Ind\u00e9pendance Mobile : Le CompacTropha\u00ae de Reinartz\"}]},{\"@type\":\"WebSite\",\"@id\":\"https:\/\/www.reinartz.de\/fr\/#website\",\"url\":\"https:\/\/www.reinartz.de\/fr\/\",\"name\":\"Reinartz\",\"description\":\"Ihr spezialist  f\u00fcr Trennverfahren\",\"publisher\":{\"@id\":\"https:\/\/www.reinartz.de\/fr\/#organization\"},\"potentialAction\":[{\"@type\":\"SearchAction\",\"target\":{\"@type\":\"EntryPoint\",\"urlTemplate\":\"https:\/\/www.reinartz.de\/fr\/?s={search_term_string}\"},\"query-input\":{\"@type\":\"PropertyValueSpecification\",\"valueRequired\":true,\"valueName\":\"search_term_string\"}}],\"inLanguage\":\"fr-FR\"},{\"@type\":\"Organization\",\"@id\":\"https:\/\/www.reinartz.de\/fr\/#organization\",\"name\":\"Maschinenfabrik Reinartz GmbH & Co. KG\",\"url\":\"https:\/\/www.reinartz.de\/fr\/\",\"logo\":{\"@type\":\"ImageObject\",\"inLanguage\":\"fr-FR\",\"@id\":\"https:\/\/www.reinartz.de\/fr\/#\/schema\/logo\/image\/\",\"url\":\"https:\/\/www.reinartz.de\/wp-content\/uploads\/reinartz-logo.svg\",\"contentUrl\":\"https:\/\/www.reinartz.de\/wp-content\/uploads\/reinartz-logo.svg\",\"width\":1,\"height\":1,\"caption\":\"Maschinenfabrik Reinartz GmbH & Co. KG\"},\"image\":{\"@id\":\"https:\/\/www.reinartz.de\/fr\/#\/schema\/logo\/image\/\"},\"sameAs\":[\"https:\/\/www.facebook.com\/reinartzneuss\/\",\"https:\/\/www.instagram.com\/reinartzneuss\/?igshid=o5j2mix70syj\",\"https:\/\/www.youtube.com\/channel\/UCwFhOGzeYs1KRgx2nwWVHxg\",\"https:\/\/www.linkedin.com\/company\/reinartz\"]}]}<\/script>\n<!-- \/ Yoast SEO plugin. -->","yoast_head_json":{"title":"Ind\u00e9pendance Mobile : Le CompacTropha\u00ae de Reinartz - Reinartz","robots":{"index":"index","follow":"follow","max-snippet":"max-snippet:-1","max-image-preview":"max-image-preview:large","max-video-preview":"max-video-preview:-1"},"canonical":"https:\/\/www.reinartz.de\/fr\/compactropha\/","og_locale":"fr_FR","og_type":"article","og_title":"Ind\u00e9pendance Mobile : Le CompacTropha\u00ae de Reinartz - Reinartz","og_url":"https:\/\/www.reinartz.de\/fr\/compactropha\/","og_site_name":"Reinartz","article_publisher":"https:\/\/www.facebook.com\/reinartzneuss\/","article_modified_time":"2019-09-05T13:56:36+00:00","schema":{"@context":"https:\/\/schema.org","@graph":[{"@type":"WebPage","@id":"https:\/\/www.reinartz.de\/fr\/compactropha\/","url":"https:\/\/www.reinartz.de\/fr\/compactropha\/","name":"Ind\u00e9pendance Mobile : Le CompacTropha\u00ae de Reinartz - Reinartz","isPartOf":{"@id":"https:\/\/www.reinartz.de\/fr\/#website"},"datePublished":"2016-05-06T09:02:12+00:00","dateModified":"2019-09-05T13:56:36+00:00","breadcrumb":{"@id":"https:\/\/www.reinartz.de\/fr\/compactropha\/#breadcrumb"},"inLanguage":"fr-FR","potentialAction":[{"@type":"ReadAction","target":["https:\/\/www.reinartz.de\/fr\/compactropha\/"]}]},{"@type":"BreadcrumbList","@id":"https:\/\/www.reinartz.de\/fr\/compactropha\/#breadcrumb","itemListElement":[{"@type":"ListItem","position":1,"name":"Home","item":"https:\/\/www.reinartz.de\/fr\/"},{"@type":"ListItem","position":2,"name":"Ind\u00e9pendance Mobile : Le CompacTropha\u00ae de Reinartz"}]},{"@type":"WebSite","@id":"https:\/\/www.reinartz.de\/fr\/#website","url":"https:\/\/www.reinartz.de\/fr\/","name":"Reinartz","description":"Ihr spezialist  f\u00fcr Trennverfahren","publisher":{"@id":"https:\/\/www.reinartz.de\/fr\/#organization"},"potentialAction":[{"@type":"SearchAction","target":{"@type":"EntryPoint","urlTemplate":"https:\/\/www.reinartz.de\/fr\/?s={search_term_string}"},"query-input":{"@type":"PropertyValueSpecification","valueRequired":true,"valueName":"search_term_string"}}],"inLanguage":"fr-FR"},{"@type":"Organization","@id":"https:\/\/www.reinartz.de\/fr\/#organization","name":"Maschinenfabrik Reinartz GmbH & Co. KG","url":"https:\/\/www.reinartz.de\/fr\/","logo":{"@type":"ImageObject","inLanguage":"fr-FR","@id":"https:\/\/www.reinartz.de\/fr\/#\/schema\/logo\/image\/","url":"https:\/\/www.reinartz.de\/wp-content\/uploads\/reinartz-logo.svg","contentUrl":"https:\/\/www.reinartz.de\/wp-content\/uploads\/reinartz-logo.svg","width":1,"height":1,"caption":"Maschinenfabrik Reinartz GmbH & Co. KG"},"image":{"@id":"https:\/\/www.reinartz.de\/fr\/#\/schema\/logo\/image\/"},"sameAs":["https:\/\/www.facebook.com\/reinartzneuss\/","https:\/\/www.instagram.com\/reinartzneuss\/?igshid=o5j2mix70syj","https:\/\/www.youtube.com\/channel\/UCwFhOGzeYs1KRgx2nwWVHxg","https:\/\/www.linkedin.com\/company\/reinartz"]}]}},"_links":{"self":[{"href":"https:\/\/www.reinartz.de\/fr\/wp-json\/wp\/v2\/pages\/1740","targetHints":{"allow":["GET"]}}],"collection":[{"href":"https:\/\/www.reinartz.de\/fr\/wp-json\/wp\/v2\/pages"}],"about":[{"href":"https:\/\/www.reinartz.de\/fr\/wp-json\/wp\/v2\/types\/page"}],"author":[{"embeddable":true,"href":"https:\/\/www.reinartz.de\/fr\/wp-json\/wp\/v2\/users\/4"}],"replies":[{"embeddable":true,"href":"https:\/\/www.reinartz.de\/fr\/wp-json\/wp\/v2\/comments?post=1740"}],"version-history":[{"count":0,"href":"https:\/\/www.reinartz.de\/fr\/wp-json\/wp\/v2\/pages\/1740\/revisions"}],"wp:attachment":[{"href":"https:\/\/www.reinartz.de\/fr\/wp-json\/wp\/v2\/media?parent=1740"}],"curies":[{"name":"wp","href":"https:\/\/api.w.org\/{rel}","templated":true}]}}