
{"id":1763,"date":"2016-05-06T11:14:57","date_gmt":"2016-05-06T09:14:57","guid":{"rendered":"https:\/\/www.reinartz.de\/fr\/?page_id=1763"},"modified":"2024-02-22T11:37:37","modified_gmt":"2024-02-22T10:37:37","slug":"recherche-developpement","status":"publish","type":"page","link":"https:\/\/www.reinartz.de\/fr\/recherche-developpement\/","title":{"rendered":"NOS PROJETS DE RECHERCHE ET DE D\u00c9VELOPPEMENT"},"content":{"rendered":"<div class=\"plates-container\">\n<div class=\"clearfix columns-3\">\n<div class=\"column column-number-1 column-span-1\"><img decoding=\"async\" class=\"aligncenter\" src=\"https:\/\/www.reinartz.de\/wp-content\/uploads\/2019\/02\/MR-Label-OBP-RZ-Final-1.png\" alt=\"\" \/><\/div>\n<div class=\"column column-number-3 last column-span-2\">\n<h2 class=\"clean\">Recherche &amp; d\u00e9veloppement<\/h2>\n<p>La Maschinenfabrik Reinartz est une entreprise innovatrice avec un savoir-faire de longues ann\u00e9es depuis 1853.<\/p>\n<p>Nous concevons des solutions personnalis\u00e9es dans le domaine du pressage et de la s\u00e9paration, tout en posant sans cesse les jalons en mati\u00e8re de recherche et de d\u00e9veloppement.<\/p>\n<p>Nous nous consid\u00e9rons en tant que prestataire de service et vous soutenons lors de la planification de votre concept et des op\u00e9rations de maintenance.<\/p>\n<\/div>\n<\/div>\n<div class=\"clearfix columns-3\">\n<div class=\"column column-number-1 column-span-1\"><img decoding=\"async\" class=\"aligncenter\" src=\"https:\/\/www.reinartz.de\/wp-content\/uploads\/2015\/10\/zim.jpg\" alt=\"\" \/><\/div>\n<div class=\"column column-number-3 last column-span-2\">\n<h2>EMBELLISSEMENT SAIN<\/h2>\n<p>La production de riz blanc poli produit de grandes quantit\u00e9s de farine de mouture de riz. Son huile est int\u00e9ressante pour l&rsquo;industrie alimentaire ainsi que pour les industries pharmaceutiques et cosm\u00e9tiques. Elle est riche en gamma-oryzanol, une substance qui r\u00e9duit le cholest\u00e9rol et absorbe les rayons UV-A et UV-B.<\/p>\n<p>Dans le cadre du ZIM &#8211; Zentrales Innovationsprogramm Mittelstand (programme central d&rsquo;innovation pour les petites et moyennes entreprises), la Maschinenfabrik REINARTZ a d\u00e9velopp\u00e9 un proc\u00e9d\u00e9 innovant pour l&rsquo;extraction de l&rsquo;huile de la farine de riz par s\u00e9paration m\u00e9canique.<\/p>\n<p>L&rsquo;objectif \u00e9tait d&rsquo;obtenir un rendement maximal d&rsquo;huile riche et de haute qualit\u00e9 gr\u00e2ce au conditionnement et au pressage optimal.<\/p>\n<\/div>\n<\/div>\n<div class=\"clearfix columns-3\">\n<div class=\"column column-number-1 column-span-1\"><img decoding=\"async\" class=\"aligncenter\" src=\"https:\/\/www.reinartz.de\/wp-content\/uploads\/2015\/10\/rwth-aachen.jpg\" alt=\"\" \/><\/div>\n<div class=\"column column-number-3 last column-span-2\">\n<h2>COMPL\u00c8TEMENT DIVIS\u00c9E<\/h2>\n<p>Les scientifiques de l&rsquo;universit\u00e9 RWTH d&rsquo;Aix-la-Chapelle travaillent avec des machines REINARTZ sur une \u00e9tude de l&rsquo;influence de la s\u00e9paration de la biomasse sur son efficacit\u00e9 en utilisant le processus de s\u00e9paration m\u00e9canique.<\/p>\n<\/div>\n<\/div>\n<div class=\"clearfix columns-3\">\n<div class=\"column column-number-1 column-span-1\"><img decoding=\"async\" class=\"aligncenter\" src=\"https:\/\/www.reinartz.de\/wp-content\/uploads\/abc-INUP-Rahmen-Mitglied-2020.png\" alt=\"\" width=\"285\" \/><\/div>\n<div class=\"column column-number-3 last column-span-2\">\n<h2>R\u00c9\u00c9VALU\u00c9 AVEC PROFIT<\/h2>\n<p><strong>R\u00c9\u00c9VALU\u00c9 AVEC PROFIT<\/strong><\/p>\n<p>Le r\u00e9seau d&rsquo;Innovation Upcycling &amp; Utilisation Mat\u00e9rielle (INUP) soutient &#8211; au nom du minist\u00e8re f\u00e9d\u00e9ral de l&rsquo;\u00e9conomie et de l&rsquo;\u00e9nergie &#8211; les entreprises de production dans le recyclage et la valorisation rentables de coproduits ou de rejets de production. Pour plus d&rsquo;informations, voir : <strong><a href=\"http:\/\/inup-netzwerk.de\/\">www.inup-netzwerk.de<\/a><\/strong><\/p>\n<\/div>\n<\/div>\n<div class=\"clearfix columns-3\">\n<div class=\"column column-number-1 column-span-1\"><img decoding=\"async\" class=\"aligncenter\" src=\"https:\/\/www.reinartz.de\/wp-content\/uploads\/2018\/08\/Logo_FH_M\u00fcnster.png\" alt=\"\" \/><\/div>\n<div class=\"column column-number-3 last column-span-2\">\n<h2>S\u00c9CHAGE MAXIMUM<\/h2>\n<p>En coop\u00e9ration avec REINARTZ, un groupe de recherche de l&rsquo;universit\u00e9 des sciences appliqu\u00e9es de M\u00fcnster travaille sur un projet de d\u00e9veloppement concernant la d\u00e9shydratation de la biomasse. Les s\u00e9ries de tests sont r\u00e9alis\u00e9es avec des presses de la soci\u00e9t\u00e9 REINARTZ pour obtenir un s\u00e9chage.<\/p>\n<\/div>\n<\/div>\n<div class=\"clearfix columns-3\">\n<div class=\"column column-number-1 column-span-1\"><img decoding=\"async\" class=\"aligncenter\" src=\"https:\/\/www.reinartz.de\/wp-content\/uploads\/2019\/01\/ppm_logo.png\" alt=\"\" \/><\/div>\n<div class=\"column column-number-3 last column-span-2\">\n<h2>R\u00c9\u00c9VALU\u00c9 AVEC PROFIT<\/h2>\n<p>Le r\u00e9seau d&rsquo;Innovation Upcycling &amp; Utilisation Mat\u00e9rielle (INUP) soutient &#8211; au nom du minist\u00e8re f\u00e9d\u00e9ral de l&rsquo;\u00e9conomie et de l&rsquo;\u00e9nergie &#8211; les entreprises de production dans le recyclage et la valorisation rentables de coproduits ou de rejets de production. Pour plus d&rsquo;informations, voir Avec l&rsquo;Institut de recherche pour la technologie des huiles v\u00e9g\u00e9tales de Magdebourg e.V. (PPM), REINARTZ coop\u00e8re depuis de nombreuses ann\u00e9es dans le cadre de divers projets ZIM \u00e0 la recherche de solutions innovantes. Nous travaillons \u00e9galement ensemble sur le th\u00e8me de l&rsquo;extraction alternative des prot\u00e9ines. La participation r\u00e9guli\u00e8re aux conf\u00e9rences du partenaire, telles que l&rsquo;Insecta et la Proteina, compl\u00e8te cet \u00e9change actif.<\/p>\n<\/div>\n<\/div>\n<div class=\"clearfix columns-3\">\n<div class=\"column column-number-1 column-span-1\"><img decoding=\"async\" class=\"aligncenter\" src=\"https:\/\/www.reinartz.de\/wp-content\/uploads\/2019\/01\/DIL_Logo-2.png\" alt=\"\" \/><\/div>\n<div class=\"column column-number-3 last column-span-2\">\n<h2>UNE SOLUTION PERMETTANT D&rsquo;\u00c9CONOMISER LES RESSOURCES<\/h2>\n<p>En coop\u00e9ration avec l&rsquo;Institut allemand de technologie alimentaire (DIL), nous d\u00e9veloppons de nouvelles technologies pour la transformation efficace de mati\u00e8res premi\u00e8res renouvelables, comme le colza. L&rsquo;objectif est de maximiser l&rsquo;utilisation des ressources et d&rsquo;\u00e9tablir de nouvelles options pour leur application.<\/p>\n<\/div>\n<\/div>\n<div class=\"clearfix columns-3\">\n<div class=\"column column-number-1 column-span-1\"><img decoding=\"async\" class=\"aligncenter\" src=\"https:\/\/www.reinartz.de\/wp-content\/uploads\/2019\/01\/abc_Logo.jpg\" alt=\"\" \/><\/div>\n<div class=\"column column-number-3 last column-span-2\">\n<h2>EXPLOIT\u00c9 DE MANI\u00c8RE EFFICACE<\/h2>\n<p>En collaboration avec le partenaire du projet, Advanced biomass concepts (abc), REINARTZ travaille dans le cadre de divers projets relatifs \u00e0 l&rsquo;efficacit\u00e9 \u00e9nerg\u00e9tique et au recyclage. Ensemble, nous d\u00e9veloppons des solutions innovantes qui rendent notre monde un peu plus durable.<\/p>\n<\/div>\n<\/div>\n<div class=\"clearfix columns-3\">\n<div class=\"column column-number-1 column-span-1\"><img decoding=\"async\" class=\"aligncenter\" src=\"https:\/\/www.reinartz.de\/wp-content\/uploads\/2019\/02\/IFFLogo-e1549467871194.png\" alt=\"\" \/><\/div>\n<div class=\"column column-number-3 last column-span-2\">\n<h2>DURABLEMENT RASSASI\u00c9<\/h2>\n<p>Dans le cadre du projet de d\u00e9veloppement \u00ab\u00a0les insectes comme source de prot\u00e9ines et de graisses pour l&rsquo;alimentation animale\u00a0\u00bb, nous travaillons avec le Conseil International de Recherche sur les Technologies de l&rsquo;Alimentation Animale (IFF), entre autres, sur des options efficaces et durables pour la production d&rsquo;aliments compos\u00e9s pour animaux de ferme \u00e0 partir d&rsquo;insectes.<\/p>\n<\/div>\n<\/div>\n<div class=\"clearfix plate\">\n<div class=\"column column-number-1 column-span-1\"><img decoding=\"async\" class=\"aligncenter\" src=\"https:\/\/www.reinartz.de\/wp-content\/uploads\/IPIFF-AFFIA-NACIA-1.png\" alt=\"\" \/><\/div>\n<div class=\"column column-number-3 last column-span-2\">\n<h2>CONTRIBUTION ACTIVE<\/h2>\n<p>Depuis plusieurs ann\u00e9es, nous d\u00e9veloppons en permanence notre proc\u00e9d\u00e9 innovant d&rsquo;extraction des prot\u00e9ines des insectes. Nous souhaitons ainsi apporter notre contribution \u00e0 l&rsquo;environnement par une utilisation prudente des ressources. Depuis 2019, nous sommes membres de l&rsquo;organisation europ\u00e9enne Plateforme Internationale des Insectes pour l&rsquo;Alimentation Humaine et Animale (<a href=\"https:\/\/ipiff.org\/\" rel=\"noopener\" target=\"_blank\">IPIFF<\/a>), dans le but de promouvoir davantage notre r\u00f4le actif dans le secteur des insectes. Depuis 2024, nous sommes en outre membres de l&rsquo;Asian Food and Feed Insect Association (<a href=\"https:\/\/affia.org\/\" rel=\"noopener\" target=\"_blank\">AFFIA<\/a>) et de la North American Coalition for Insect Agriculture (<a href=\"https:\/\/nacia.org\/\" rel=\"noopener\" target=\"_blank\">NACIA<\/a>).<\/p>\n<\/div>\n<\/div>\n<div class=\"clearfix plate\">\n<div class=\"column column-number-1 column-span-1\"><img decoding=\"async\" class=\"aligncenter\" src=\"https:\/\/www.reinartz.de\/wp-content\/uploads\/BALPro-Logo-gross-e1620211206585.jpg\"\" \/><\/div>\n<div class=\"column column-number-3 last column-span-2\">\n<h2>Efficacement mis en r\u00e9seau<\/h2>\n<p>Prot\u00e9ines provenant de sources alternatives &#8211; il s&rsquo;agit d&rsquo;un sujet sur lequel nous sommes non seulement engag\u00e9s depuis de nombreuses ann\u00e9es, mais que nous avons \u00e9galement fait progresser de mani\u00e8re significative. Comme le sugg\u00e8re d\u00e9j\u00e0 notre slogan : REINARTZ est un fournisseur de solutions pour l&rsquo;extraction innovative de nouvelles ressources. La durabilit\u00e9 et l&rsquo;efficacit\u00e9 sont nos principales priorit\u00e9s. L&rsquo;adh\u00e9sion \u00e0 des r\u00e9seaux sectoriels soutient notre d\u00e9veloppement et renforce notre savoir-faire. Nous nous r\u00e9jouissons donc de notre adh\u00e9sion \u00e0 l&rsquo;association pour les sources de prot\u00e9ines alternatives BALPro. <\/p>\n<\/div>\n<\/div>\n<\/div>\n","protected":false},"excerpt":{"rendered":"<p>Recherche &amp; d\u00e9veloppement La Maschinenfabrik Reinartz est une entreprise innovatrice avec un savoir-faire de longues ann\u00e9es depuis 1853. Nous concevons des solutions personnalis\u00e9es dans le domaine du pressage et de la s\u00e9paration, tout en posant sans cesse les jalons en mati\u00e8re de recherche et de d\u00e9veloppement. Nous nous consid\u00e9rons en tant que prestataire de service [&hellip;]<\/p>\n","protected":false},"author":4,"featured_media":0,"parent":0,"menu_order":0,"comment_status":"closed","ping_status":"closed","template":"","meta":{"_acf_changed":false,"inline_featured_image":false,"footnotes":""},"class_list":["post-1763","page","type-page","status-publish","hentry"],"acf":[],"yoast_head":"<!-- This site is optimized with the Yoast SEO plugin v27.4 - https:\/\/yoast.com\/product\/yoast-seo-wordpress\/ -->\n<title>NOS PROJETS DE RECHERCHE ET DE D\u00c9VELOPPEMENT - Reinartz<\/title>\n<meta name=\"robots\" content=\"index, follow, max-snippet:-1, max-image-preview:large, max-video-preview:-1\" \/>\n<link rel=\"canonical\" href=\"https:\/\/www.reinartz.de\/fr\/recherche-developpement\/\" \/>\n<meta property=\"og:locale\" content=\"fr_FR\" \/>\n<meta property=\"og:type\" content=\"article\" \/>\n<meta property=\"og:title\" content=\"NOS PROJETS DE RECHERCHE ET DE D\u00c9VELOPPEMENT - Reinartz\" \/>\n<meta property=\"og:description\" content=\"Recherche &amp; d\u00e9veloppement La Maschinenfabrik Reinartz est une entreprise innovatrice avec un savoir-faire de longues ann\u00e9es depuis 1853. Nous concevons des solutions personnalis\u00e9es dans le domaine du pressage et de la s\u00e9paration, tout en posant sans cesse les jalons en mati\u00e8re de recherche et de d\u00e9veloppement. Nous nous consid\u00e9rons en tant que prestataire de service [&hellip;]\" \/>\n<meta property=\"og:url\" content=\"https:\/\/www.reinartz.de\/fr\/recherche-developpement\/\" \/>\n<meta property=\"og:site_name\" content=\"Reinartz\" \/>\n<meta property=\"article:publisher\" content=\"https:\/\/www.facebook.com\/reinartzneuss\/\" \/>\n<meta property=\"article:modified_time\" content=\"2024-02-22T10:37:37+00:00\" \/>\n<meta property=\"og:image\" content=\"https:\/\/www.reinartz.de\/wp-content\/uploads\/2019\/02\/MR-Label-OBP-RZ-Final-1.png\" \/>\n<script type=\"application\/ld+json\" class=\"yoast-schema-graph\">{\"@context\":\"https:\\\/\\\/schema.org\",\"@graph\":[{\"@type\":\"WebPage\",\"@id\":\"https:\\\/\\\/www.reinartz.de\\\/fr\\\/recherche-developpement\\\/\",\"url\":\"https:\\\/\\\/www.reinartz.de\\\/fr\\\/recherche-developpement\\\/\",\"name\":\"NOS PROJETS DE RECHERCHE ET DE D\u00c9VELOPPEMENT - Reinartz\",\"isPartOf\":{\"@id\":\"https:\\\/\\\/www.reinartz.de\\\/fr\\\/#website\"},\"primaryImageOfPage\":{\"@id\":\"https:\\\/\\\/www.reinartz.de\\\/fr\\\/recherche-developpement\\\/#primaryimage\"},\"image\":{\"@id\":\"https:\\\/\\\/www.reinartz.de\\\/fr\\\/recherche-developpement\\\/#primaryimage\"},\"thumbnailUrl\":\"https:\\\/\\\/www.reinartz.de\\\/wp-content\\\/uploads\\\/2019\\\/02\\\/MR-Label-OBP-RZ-Final-1.png\",\"datePublished\":\"2016-05-06T09:14:57+00:00\",\"dateModified\":\"2024-02-22T10:37:37+00:00\",\"breadcrumb\":{\"@id\":\"https:\\\/\\\/www.reinartz.de\\\/fr\\\/recherche-developpement\\\/#breadcrumb\"},\"inLanguage\":\"fr-FR\",\"potentialAction\":[{\"@type\":\"ReadAction\",\"target\":[\"https:\\\/\\\/www.reinartz.de\\\/fr\\\/recherche-developpement\\\/\"]}]},{\"@type\":\"ImageObject\",\"inLanguage\":\"fr-FR\",\"@id\":\"https:\\\/\\\/www.reinartz.de\\\/fr\\\/recherche-developpement\\\/#primaryimage\",\"url\":\"https:\\\/\\\/www.reinartz.de\\\/wp-content\\\/uploads\\\/2019\\\/02\\\/MR-Label-OBP-RZ-Final-1.png\",\"contentUrl\":\"https:\\\/\\\/www.reinartz.de\\\/wp-content\\\/uploads\\\/2019\\\/02\\\/MR-Label-OBP-RZ-Final-1.png\"},{\"@type\":\"BreadcrumbList\",\"@id\":\"https:\\\/\\\/www.reinartz.de\\\/fr\\\/recherche-developpement\\\/#breadcrumb\",\"itemListElement\":[{\"@type\":\"ListItem\",\"position\":1,\"name\":\"Home\",\"item\":\"https:\\\/\\\/www.reinartz.de\\\/fr\\\/\"},{\"@type\":\"ListItem\",\"position\":2,\"name\":\"NOS PROJETS DE RECHERCHE ET DE D\u00c9VELOPPEMENT\"}]},{\"@type\":\"WebSite\",\"@id\":\"https:\\\/\\\/www.reinartz.de\\\/fr\\\/#website\",\"url\":\"https:\\\/\\\/www.reinartz.de\\\/fr\\\/\",\"name\":\"Reinartz\",\"description\":\"Ihr spezialist  f\u00fcr Trennverfahren\",\"publisher\":{\"@id\":\"https:\\\/\\\/www.reinartz.de\\\/fr\\\/#organization\"},\"potentialAction\":[{\"@type\":\"SearchAction\",\"target\":{\"@type\":\"EntryPoint\",\"urlTemplate\":\"https:\\\/\\\/www.reinartz.de\\\/fr\\\/?s={search_term_string}\"},\"query-input\":{\"@type\":\"PropertyValueSpecification\",\"valueRequired\":true,\"valueName\":\"search_term_string\"}}],\"inLanguage\":\"fr-FR\"},{\"@type\":\"Organization\",\"@id\":\"https:\\\/\\\/www.reinartz.de\\\/fr\\\/#organization\",\"name\":\"Maschinenfabrik Reinartz GmbH & Co. KG\",\"url\":\"https:\\\/\\\/www.reinartz.de\\\/fr\\\/\",\"logo\":{\"@type\":\"ImageObject\",\"inLanguage\":\"fr-FR\",\"@id\":\"https:\\\/\\\/www.reinartz.de\\\/fr\\\/#\\\/schema\\\/logo\\\/image\\\/\",\"url\":\"https:\\\/\\\/www.reinartz.de\\\/wp-content\\\/uploads\\\/reinartz-logo.svg\",\"contentUrl\":\"https:\\\/\\\/www.reinartz.de\\\/wp-content\\\/uploads\\\/reinartz-logo.svg\",\"width\":1,\"height\":1,\"caption\":\"Maschinenfabrik Reinartz GmbH & Co. KG\"},\"image\":{\"@id\":\"https:\\\/\\\/www.reinartz.de\\\/fr\\\/#\\\/schema\\\/logo\\\/image\\\/\"},\"sameAs\":[\"https:\\\/\\\/www.facebook.com\\\/reinartzneuss\\\/\",\"https:\\\/\\\/www.instagram.com\\\/reinartzneuss\\\/?igshid=o5j2mix70syj\",\"https:\\\/\\\/www.youtube.com\\\/channel\\\/UCwFhOGzeYs1KRgx2nwWVHxg\",\"https:\\\/\\\/www.linkedin.com\\\/company\\\/reinartz\"]}]}<\/script>\n<!-- \/ Yoast SEO plugin. -->","yoast_head_json":{"title":"NOS PROJETS DE RECHERCHE ET DE D\u00c9VELOPPEMENT - Reinartz","robots":{"index":"index","follow":"follow","max-snippet":"max-snippet:-1","max-image-preview":"max-image-preview:large","max-video-preview":"max-video-preview:-1"},"canonical":"https:\/\/www.reinartz.de\/fr\/recherche-developpement\/","og_locale":"fr_FR","og_type":"article","og_title":"NOS PROJETS DE RECHERCHE ET DE D\u00c9VELOPPEMENT - Reinartz","og_description":"Recherche &amp; d\u00e9veloppement La Maschinenfabrik Reinartz est une entreprise innovatrice avec un savoir-faire de longues ann\u00e9es depuis 1853. Nous concevons des solutions personnalis\u00e9es dans le domaine du pressage et de la s\u00e9paration, tout en posant sans cesse les jalons en mati\u00e8re de recherche et de d\u00e9veloppement. Nous nous consid\u00e9rons en tant que prestataire de service [&hellip;]","og_url":"https:\/\/www.reinartz.de\/fr\/recherche-developpement\/","og_site_name":"Reinartz","article_publisher":"https:\/\/www.facebook.com\/reinartzneuss\/","article_modified_time":"2024-02-22T10:37:37+00:00","og_image":[{"url":"https:\/\/www.reinartz.de\/wp-content\/uploads\/2019\/02\/MR-Label-OBP-RZ-Final-1.png","type":"","width":"","height":""}],"schema":{"@context":"https:\/\/schema.org","@graph":[{"@type":"WebPage","@id":"https:\/\/www.reinartz.de\/fr\/recherche-developpement\/","url":"https:\/\/www.reinartz.de\/fr\/recherche-developpement\/","name":"NOS PROJETS DE RECHERCHE ET DE D\u00c9VELOPPEMENT - Reinartz","isPartOf":{"@id":"https:\/\/www.reinartz.de\/fr\/#website"},"primaryImageOfPage":{"@id":"https:\/\/www.reinartz.de\/fr\/recherche-developpement\/#primaryimage"},"image":{"@id":"https:\/\/www.reinartz.de\/fr\/recherche-developpement\/#primaryimage"},"thumbnailUrl":"https:\/\/www.reinartz.de\/wp-content\/uploads\/2019\/02\/MR-Label-OBP-RZ-Final-1.png","datePublished":"2016-05-06T09:14:57+00:00","dateModified":"2024-02-22T10:37:37+00:00","breadcrumb":{"@id":"https:\/\/www.reinartz.de\/fr\/recherche-developpement\/#breadcrumb"},"inLanguage":"fr-FR","potentialAction":[{"@type":"ReadAction","target":["https:\/\/www.reinartz.de\/fr\/recherche-developpement\/"]}]},{"@type":"ImageObject","inLanguage":"fr-FR","@id":"https:\/\/www.reinartz.de\/fr\/recherche-developpement\/#primaryimage","url":"https:\/\/www.reinartz.de\/wp-content\/uploads\/2019\/02\/MR-Label-OBP-RZ-Final-1.png","contentUrl":"https:\/\/www.reinartz.de\/wp-content\/uploads\/2019\/02\/MR-Label-OBP-RZ-Final-1.png"},{"@type":"BreadcrumbList","@id":"https:\/\/www.reinartz.de\/fr\/recherche-developpement\/#breadcrumb","itemListElement":[{"@type":"ListItem","position":1,"name":"Home","item":"https:\/\/www.reinartz.de\/fr\/"},{"@type":"ListItem","position":2,"name":"NOS PROJETS DE RECHERCHE ET DE D\u00c9VELOPPEMENT"}]},{"@type":"WebSite","@id":"https:\/\/www.reinartz.de\/fr\/#website","url":"https:\/\/www.reinartz.de\/fr\/","name":"Reinartz","description":"Ihr spezialist  f\u00fcr Trennverfahren","publisher":{"@id":"https:\/\/www.reinartz.de\/fr\/#organization"},"potentialAction":[{"@type":"SearchAction","target":{"@type":"EntryPoint","urlTemplate":"https:\/\/www.reinartz.de\/fr\/?s={search_term_string}"},"query-input":{"@type":"PropertyValueSpecification","valueRequired":true,"valueName":"search_term_string"}}],"inLanguage":"fr-FR"},{"@type":"Organization","@id":"https:\/\/www.reinartz.de\/fr\/#organization","name":"Maschinenfabrik Reinartz GmbH & Co. KG","url":"https:\/\/www.reinartz.de\/fr\/","logo":{"@type":"ImageObject","inLanguage":"fr-FR","@id":"https:\/\/www.reinartz.de\/fr\/#\/schema\/logo\/image\/","url":"https:\/\/www.reinartz.de\/wp-content\/uploads\/reinartz-logo.svg","contentUrl":"https:\/\/www.reinartz.de\/wp-content\/uploads\/reinartz-logo.svg","width":1,"height":1,"caption":"Maschinenfabrik Reinartz GmbH & Co. KG"},"image":{"@id":"https:\/\/www.reinartz.de\/fr\/#\/schema\/logo\/image\/"},"sameAs":["https:\/\/www.facebook.com\/reinartzneuss\/","https:\/\/www.instagram.com\/reinartzneuss\/?igshid=o5j2mix70syj","https:\/\/www.youtube.com\/channel\/UCwFhOGzeYs1KRgx2nwWVHxg","https:\/\/www.linkedin.com\/company\/reinartz"]}]}},"_links":{"self":[{"href":"https:\/\/www.reinartz.de\/fr\/wp-json\/wp\/v2\/pages\/1763","targetHints":{"allow":["GET"]}}],"collection":[{"href":"https:\/\/www.reinartz.de\/fr\/wp-json\/wp\/v2\/pages"}],"about":[{"href":"https:\/\/www.reinartz.de\/fr\/wp-json\/wp\/v2\/types\/page"}],"author":[{"embeddable":true,"href":"https:\/\/www.reinartz.de\/fr\/wp-json\/wp\/v2\/users\/4"}],"replies":[{"embeddable":true,"href":"https:\/\/www.reinartz.de\/fr\/wp-json\/wp\/v2\/comments?post=1763"}],"version-history":[{"count":0,"href":"https:\/\/www.reinartz.de\/fr\/wp-json\/wp\/v2\/pages\/1763\/revisions"}],"wp:attachment":[{"href":"https:\/\/www.reinartz.de\/fr\/wp-json\/wp\/v2\/media?parent=1763"}],"curies":[{"name":"wp","href":"https:\/\/api.w.org\/{rel}","templated":true}]}}