
{"id":1765,"date":"2016-05-06T11:16:00","date_gmt":"2016-05-06T09:16:00","guid":{"rendered":"https:\/\/www.reinartz.de\/fr\/?page_id=1765"},"modified":"2019-09-05T16:04:49","modified_gmt":"2019-09-05T14:04:49","slug":"historique","status":"publish","type":"page","link":"https:\/\/www.reinartz.de\/fr\/historique\/","title":{"rendered":"Historique"},"content":{"rendered":"<section class=\"clearfix main\">\n<article class=\"historyTable\">\n<div>\n<div><img loading=\"lazy\" decoding=\"async\" src=\"\/wp-content\/uploads\/2015\/12\/Historie_MG_8680-512px.jpg\" alt=\"1853\" width=\"512\" height=\"512\" \/><\/div>\n<div>\n<h2 class=\"headline\"><span class=\"big\">1853<\/span><\/h2>\n<p>Mathias Reinartz ouvre son atelier \u00e0 Neuss. Environ 13 ans plus tard, le petit atelier \u00e9tait devenu une usine sp\u00e9cialis\u00e9e dans les machines de production d\u2019huile. 1889 La Maschinenfabrik Reinartz emploie 19 ouvriers.<\/p>\n<\/div>\n<\/div>\n<div>\n<div>\n<h2 class=\"headline\"><span class=\"big\">1913<\/span><\/h2>\n<p>La soci\u00e9t\u00e9 Reinartz d\u00e9m\u00e9nage dans une nouvelle usine implant\u00e9e dans le port de Neuss. Les anciens b\u00e2timents de la Muehlenstrasse \u00e9taient devenus trop \u00e9troits. L\u2019industrie exigeait des machines toujours plus grandes et plus performantes. La nouvelle usine offrait la possibilit\u00e9 de d\u00e9velopper des solutions innovantes et de produire des machines modernes. L\u2019entreprise a continu\u00e9 de grandir et employait d\u00e9j\u00e0 39 collaborateurs en 1925.<\/p>\n<\/div>\n<div><img loading=\"lazy\" decoding=\"async\" src=\"\/wp-content\/uploads\/2015\/12\/1913_Reinartz_MG_7389.jpg\" alt=\"1913\" width=\"512\" height=\"634\" \/><\/div>\n<\/div>\n<div>\n<div><img loading=\"lazy\" decoding=\"async\" class=\"alignnone wp-image-916 size-full\" src=\"\/wp-content\/uploads\/2016\/03\/REIN-15-8786-Web_Relaunch_2015_Historie_lay13-7.jpg\" alt=\"1953\" width=\"512\" height=\"451\" srcset=\"https:\/\/www.reinartz.de\/wp-content\/uploads\/2016\/03\/REIN-15-8786-Web_Relaunch_2015_Historie_lay13-7.jpg 512w, https:\/\/www.reinartz.de\/wp-content\/uploads\/2016\/03\/REIN-15-8786-Web_Relaunch_2015_Historie_lay13-7-300x264.jpg 300w\" sizes=\"auto, (max-width: 512px) 100vw, 512px\" \/><\/div>\n<div>\n<h2 class=\"headline\"><span class=\"big\">1953<\/span><\/h2>\n<p>Peter Moll, le p\u00e8re de notre associ\u00e9-g\u00e9rant actuel Michael Moll, commence sa formation d\u2019ouvrier raboteur universel chez Reinartz et la termine avec succ\u00e8s trois ans plus tard.<\/p>\n<\/div>\n<\/div>\n<div>\n<div>\n<h2 class=\"headline\"><span class=\"big\">1970<\/span><\/h2>\n<p>La soci\u00e9t\u00e9 Reinartz s\u2019est d\u00e9velopp\u00e9e et est d\u00e9sormais un constructeur important de machines sp\u00e9cialis\u00e9es. Ses machines sont r\u00e9put\u00e9es dans l\u2019industrie de l\u2019huile et de l\u2019alimentation. Les huileries connues travaillent avec des presses de chez Reinartz et on utilise des p\u00e9trins Reinartz chez les \u00e9minents fabricants de confiserie.<\/p>\n<\/div>\n<div><img loading=\"lazy\" decoding=\"async\" class=\"alignnone wp-image-690 size-full\" src=\"\/wp-content\/uploads\/2015\/12\/Historie_Datenblaetter_IMG_2300_512x384px.png\" alt=\"1970\" width=\"512\" height=\"384\" srcset=\"https:\/\/www.reinartz.de\/wp-content\/uploads\/2015\/12\/Historie_Datenblaetter_IMG_2300_512x384px.png 512w, https:\/\/www.reinartz.de\/wp-content\/uploads\/2015\/12\/Historie_Datenblaetter_IMG_2300_512x384px-300x225.png 300w, https:\/\/www.reinartz.de\/wp-content\/uploads\/2015\/12\/Historie_Datenblaetter_IMG_2300_512x384px-158x120.png 158w\" sizes=\"auto, (max-width: 512px) 100vw, 512px\" \/><\/div>\n<\/div>\n<div>\n<div><img loading=\"lazy\" decoding=\"async\" class=\"alignnone wp-image-917 size-full\" src=\"\/wp-content\/uploads\/2016\/03\/REIN-15-8786-Web_Relaunch_2015_Historie_lay13-9.jpg\" alt=\"1979\" width=\"512\" height=\"430\" srcset=\"https:\/\/www.reinartz.de\/wp-content\/uploads\/2016\/03\/REIN-15-8786-Web_Relaunch_2015_Historie_lay13-9.jpg 512w, https:\/\/www.reinartz.de\/wp-content\/uploads\/2016\/03\/REIN-15-8786-Web_Relaunch_2015_Historie_lay13-9-300x252.jpg 300w\" sizes=\"auto, (max-width: 512px) 100vw, 512px\" \/><\/div>\n<div>\n<h2 class=\"headline\"><span class=\"big\">1979<\/span><\/h2>\n<p>Le gestionnaire technique dipl\u00f4m\u00e9 Manfred Boss rach\u00e8te l\u2019entreprise des machines Reinartz et devient son associ\u00e9-g\u00e9rant.<\/p>\n<\/div>\n<\/div>\n<div>\n<div>\n<h2 class=\"headline\"><span class=\"big\">1985<\/span><\/h2>\n<p>La marque Reinartz prend une place au niveau mondial dans le domaine du g\u00e9nie m\u00e9canique. Manfred Boss a clairement \u00e9tendu le portfolio de l\u2019entreprise. Ainsi, l\u2019entreprise fabrique du shampoing pour chiens et imprime des plaques d\u2019immatriculation pour les v\u00e9lomoteurs, les cyclomoteurs et les scooters avec une entreprise amie.<\/p>\n<\/div>\n<div><a href=\"https:\/\/www.reinartz.de\/wp-content\/uploads\/2015\/10\/1985_Historie_Kennzeichen.jpg\"><img loading=\"lazy\" decoding=\"async\" class=\"wp-image-1020 size-full alignnone\" src=\"https:\/\/www.reinartz.de\/wp-content\/uploads\/2015\/10\/1985_Historie_Kennzeichen.jpg\" alt=\"\" width=\"512\" height=\"515\" srcset=\"https:\/\/www.reinartz.de\/wp-content\/uploads\/2015\/10\/1985_Historie_Kennzeichen.jpg 512w, https:\/\/www.reinartz.de\/wp-content\/uploads\/2015\/10\/1985_Historie_Kennzeichen-150x150.jpg 150w, https:\/\/www.reinartz.de\/wp-content\/uploads\/2015\/10\/1985_Historie_Kennzeichen-298x300.jpg 298w\" sizes=\"auto, (max-width: 512px) 100vw, 512px\" \/><\/a><\/div>\n<\/div>\n<div>\n<div><img loading=\"lazy\" decoding=\"async\" class=\"alignnone wp-image-919 size-full\" src=\"\/wp-content\/uploads\/2016\/03\/REIN-15-8786-Web_Relaunch_2015_Historie_lay13-11.jpg\" alt=\"2006\" width=\"512\" height=\"473\" srcset=\"https:\/\/www.reinartz.de\/wp-content\/uploads\/2016\/03\/REIN-15-8786-Web_Relaunch_2015_Historie_lay13-11.jpg 512w, https:\/\/www.reinartz.de\/wp-content\/uploads\/2016\/03\/REIN-15-8786-Web_Relaunch_2015_Historie_lay13-11-300x277.jpg 300w\" sizes=\"auto, (max-width: 512px) 100vw, 512px\" \/><\/div>\n<div>\n<h2 class=\"headline\"><span class=\"big\">2006<\/span><\/h2>\n<p>Apr\u00e8s le d\u00e9c\u00e8s de Manfred Boss, Michael Moll reprend la direction de Reinartz. Avec Niklas Stadermann, il continue de d\u00e9velopper le domaine du g\u00e9nie m\u00e9canique. Reinartz embarque sur le march\u00e9 de l\u2019\u00e9nergie en utilisant l\u2019huile de colza comme carburant propre.<\/p>\n<\/div>\n<\/div>\n<div>\n<div>\n<h2 class=\"headline\"><span class=\"big\">2014<\/span><\/h2>\n<p>La famille Boss vend l\u2019entreprise Reinartz. Michael Moll et Niklas Stadermann deviennent associ\u00e9s-g\u00e9rants de la soci\u00e9t\u00e9.<\/p>\n<\/div>\n<div><img loading=\"lazy\" decoding=\"async\" class=\"alignnone wp-image-638 size-full\" src=\"\/wp-content\/uploads\/2015\/11\/2015-Historie.jpg\" alt=\"2014\" width=\"512\" height=\"476\" srcset=\"https:\/\/www.reinartz.de\/wp-content\/uploads\/2015\/11\/2015-Historie.jpg 512w, https:\/\/www.reinartz.de\/wp-content\/uploads\/2015\/11\/2015-Historie-300x279.jpg 300w\" sizes=\"auto, (max-width: 512px) 100vw, 512px\" \/><\/div>\n<\/div>\n<div>\n<div><img loading=\"lazy\" decoding=\"async\" class=\"alignnone wp-image-915 size-full\" src=\"\/wp-content\/uploads\/2016\/03\/2016-reinartz.jpg\" alt=\"2016\" width=\"512\" height=\"533\" \/><\/div>\n<div>\n<h2 class=\"headline\"><span class=\"big\">2018<\/span><\/h2>\n<p>Reinartz est un sp\u00e9cialiste au niveau international tant pour ses presses \u00e0 vis sans fin et ses installations de filtration que pour son proc\u00e9d\u00e9 de s\u00e9paration. Dans l\u2019usine de Neuss, la soci\u00e9t\u00e9 (qui a pris le statut de GmbH &amp; Co. KG depuis 1949) emploie environ 50 collaborateurs.<\/p>\n<p>Depuis plus de 160 ans, le nom de Reinartz est synonyme de force d\u2019innovation et de comp\u00e9tence. Hier comme aujourd\u2019hui, nous n\u2019avons jamais subi les changements sur le march\u00e9 du g\u00e9nie m\u00e9canique, mais nous y avons particip\u00e9.<\/p>\n<\/div>\n<\/div>\n<\/article>\n<\/section>\n","protected":false},"excerpt":{"rendered":"<p>1853 Mathias Reinartz ouvre son atelier \u00e0 Neuss. Environ 13 ans plus tard, le petit atelier \u00e9tait devenu une usine sp\u00e9cialis\u00e9e dans les machines de production d\u2019huile. 1889 La Maschinenfabrik Reinartz emploie 19 ouvriers. 1913 La soci\u00e9t\u00e9 Reinartz d\u00e9m\u00e9nage dans une nouvelle usine implant\u00e9e dans le port de Neuss. Les anciens b\u00e2timents de la Muehlenstrasse [&hellip;]<\/p>\n","protected":false},"author":4,"featured_media":0,"parent":0,"menu_order":0,"comment_status":"closed","ping_status":"closed","template":"page-clean.php","meta":{"_acf_changed":false,"inline_featured_image":false,"footnotes":""},"class_list":["post-1765","page","type-page","status-publish","hentry"],"acf":[],"yoast_head":"<!-- This site is optimized with the Yoast SEO plugin v27.4 - https:\/\/yoast.com\/product\/yoast-seo-wordpress\/ -->\n<title>Historique - Reinartz<\/title>\n<meta name=\"robots\" content=\"index, follow, max-snippet:-1, max-image-preview:large, max-video-preview:-1\" \/>\n<link rel=\"canonical\" href=\"https:\/\/www.reinartz.de\/fr\/historique\/\" \/>\n<meta property=\"og:locale\" content=\"fr_FR\" \/>\n<meta property=\"og:type\" content=\"article\" \/>\n<meta property=\"og:title\" content=\"Historique - Reinartz\" \/>\n<meta property=\"og:description\" content=\"1853 Mathias Reinartz ouvre son atelier \u00e0 Neuss. Environ 13 ans plus tard, le petit atelier \u00e9tait devenu une usine sp\u00e9cialis\u00e9e dans les machines de production d\u2019huile. 1889 La Maschinenfabrik Reinartz emploie 19 ouvriers. 1913 La soci\u00e9t\u00e9 Reinartz d\u00e9m\u00e9nage dans une nouvelle usine implant\u00e9e dans le port de Neuss. Les anciens b\u00e2timents de la Muehlenstrasse [&hellip;]\" \/>\n<meta property=\"og:url\" content=\"https:\/\/www.reinartz.de\/fr\/historique\/\" \/>\n<meta property=\"og:site_name\" content=\"Reinartz\" \/>\n<meta property=\"article:publisher\" content=\"https:\/\/www.facebook.com\/reinartzneuss\/\" \/>\n<meta property=\"article:modified_time\" content=\"2019-09-05T14:04:49+00:00\" \/>\n<meta property=\"og:image\" content=\"https:\/\/www.reinartz.de\/wp-content\/uploads\/2015\/12\/Historie_MG_8680-512px.jpg\" \/>\n<script type=\"application\/ld+json\" class=\"yoast-schema-graph\">{\"@context\":\"https:\\\/\\\/schema.org\",\"@graph\":[{\"@type\":\"WebPage\",\"@id\":\"https:\\\/\\\/www.reinartz.de\\\/fr\\\/historique\\\/\",\"url\":\"https:\\\/\\\/www.reinartz.de\\\/fr\\\/historique\\\/\",\"name\":\"Historique - Reinartz\",\"isPartOf\":{\"@id\":\"https:\\\/\\\/www.reinartz.de\\\/fr\\\/#website\"},\"primaryImageOfPage\":{\"@id\":\"https:\\\/\\\/www.reinartz.de\\\/fr\\\/historique\\\/#primaryimage\"},\"image\":{\"@id\":\"https:\\\/\\\/www.reinartz.de\\\/fr\\\/historique\\\/#primaryimage\"},\"thumbnailUrl\":\"https:\\\/\\\/www.reinartz.de\\\/wp-content\\\/uploads\\\/2015\\\/10\\\/1985_Historie_Kennzeichen.jpg\",\"datePublished\":\"2016-05-06T09:16:00+00:00\",\"dateModified\":\"2019-09-05T14:04:49+00:00\",\"breadcrumb\":{\"@id\":\"https:\\\/\\\/www.reinartz.de\\\/fr\\\/historique\\\/#breadcrumb\"},\"inLanguage\":\"fr-FR\",\"potentialAction\":[{\"@type\":\"ReadAction\",\"target\":[\"https:\\\/\\\/www.reinartz.de\\\/fr\\\/historique\\\/\"]}]},{\"@type\":\"ImageObject\",\"inLanguage\":\"fr-FR\",\"@id\":\"https:\\\/\\\/www.reinartz.de\\\/fr\\\/historique\\\/#primaryimage\",\"url\":\"https:\\\/\\\/www.reinartz.de\\\/wp-content\\\/uploads\\\/2015\\\/10\\\/1985_Historie_Kennzeichen.jpg\",\"contentUrl\":\"https:\\\/\\\/www.reinartz.de\\\/wp-content\\\/uploads\\\/2015\\\/10\\\/1985_Historie_Kennzeichen.jpg\"},{\"@type\":\"BreadcrumbList\",\"@id\":\"https:\\\/\\\/www.reinartz.de\\\/fr\\\/historique\\\/#breadcrumb\",\"itemListElement\":[{\"@type\":\"ListItem\",\"position\":1,\"name\":\"Home\",\"item\":\"https:\\\/\\\/www.reinartz.de\\\/fr\\\/\"},{\"@type\":\"ListItem\",\"position\":2,\"name\":\"Historique\"}]},{\"@type\":\"WebSite\",\"@id\":\"https:\\\/\\\/www.reinartz.de\\\/fr\\\/#website\",\"url\":\"https:\\\/\\\/www.reinartz.de\\\/fr\\\/\",\"name\":\"Reinartz\",\"description\":\"Ihr spezialist  f\u00fcr Trennverfahren\",\"publisher\":{\"@id\":\"https:\\\/\\\/www.reinartz.de\\\/fr\\\/#organization\"},\"potentialAction\":[{\"@type\":\"SearchAction\",\"target\":{\"@type\":\"EntryPoint\",\"urlTemplate\":\"https:\\\/\\\/www.reinartz.de\\\/fr\\\/?s={search_term_string}\"},\"query-input\":{\"@type\":\"PropertyValueSpecification\",\"valueRequired\":true,\"valueName\":\"search_term_string\"}}],\"inLanguage\":\"fr-FR\"},{\"@type\":\"Organization\",\"@id\":\"https:\\\/\\\/www.reinartz.de\\\/fr\\\/#organization\",\"name\":\"Maschinenfabrik Reinartz GmbH & Co. KG\",\"url\":\"https:\\\/\\\/www.reinartz.de\\\/fr\\\/\",\"logo\":{\"@type\":\"ImageObject\",\"inLanguage\":\"fr-FR\",\"@id\":\"https:\\\/\\\/www.reinartz.de\\\/fr\\\/#\\\/schema\\\/logo\\\/image\\\/\",\"url\":\"https:\\\/\\\/www.reinartz.de\\\/wp-content\\\/uploads\\\/reinartz-logo.svg\",\"contentUrl\":\"https:\\\/\\\/www.reinartz.de\\\/wp-content\\\/uploads\\\/reinartz-logo.svg\",\"width\":1,\"height\":1,\"caption\":\"Maschinenfabrik Reinartz GmbH & Co. KG\"},\"image\":{\"@id\":\"https:\\\/\\\/www.reinartz.de\\\/fr\\\/#\\\/schema\\\/logo\\\/image\\\/\"},\"sameAs\":[\"https:\\\/\\\/www.facebook.com\\\/reinartzneuss\\\/\",\"https:\\\/\\\/www.instagram.com\\\/reinartzneuss\\\/?igshid=o5j2mix70syj\",\"https:\\\/\\\/www.youtube.com\\\/channel\\\/UCwFhOGzeYs1KRgx2nwWVHxg\",\"https:\\\/\\\/www.linkedin.com\\\/company\\\/reinartz\"]}]}<\/script>\n<!-- \/ Yoast SEO plugin. -->","yoast_head_json":{"title":"Historique - Reinartz","robots":{"index":"index","follow":"follow","max-snippet":"max-snippet:-1","max-image-preview":"max-image-preview:large","max-video-preview":"max-video-preview:-1"},"canonical":"https:\/\/www.reinartz.de\/fr\/historique\/","og_locale":"fr_FR","og_type":"article","og_title":"Historique - Reinartz","og_description":"1853 Mathias Reinartz ouvre son atelier \u00e0 Neuss. Environ 13 ans plus tard, le petit atelier \u00e9tait devenu une usine sp\u00e9cialis\u00e9e dans les machines de production d\u2019huile. 1889 La Maschinenfabrik Reinartz emploie 19 ouvriers. 1913 La soci\u00e9t\u00e9 Reinartz d\u00e9m\u00e9nage dans une nouvelle usine implant\u00e9e dans le port de Neuss. Les anciens b\u00e2timents de la Muehlenstrasse [&hellip;]","og_url":"https:\/\/www.reinartz.de\/fr\/historique\/","og_site_name":"Reinartz","article_publisher":"https:\/\/www.facebook.com\/reinartzneuss\/","article_modified_time":"2019-09-05T14:04:49+00:00","og_image":[{"url":"https:\/\/www.reinartz.de\/wp-content\/uploads\/2015\/12\/Historie_MG_8680-512px.jpg","type":"","width":"","height":""}],"schema":{"@context":"https:\/\/schema.org","@graph":[{"@type":"WebPage","@id":"https:\/\/www.reinartz.de\/fr\/historique\/","url":"https:\/\/www.reinartz.de\/fr\/historique\/","name":"Historique - Reinartz","isPartOf":{"@id":"https:\/\/www.reinartz.de\/fr\/#website"},"primaryImageOfPage":{"@id":"https:\/\/www.reinartz.de\/fr\/historique\/#primaryimage"},"image":{"@id":"https:\/\/www.reinartz.de\/fr\/historique\/#primaryimage"},"thumbnailUrl":"https:\/\/www.reinartz.de\/wp-content\/uploads\/2015\/10\/1985_Historie_Kennzeichen.jpg","datePublished":"2016-05-06T09:16:00+00:00","dateModified":"2019-09-05T14:04:49+00:00","breadcrumb":{"@id":"https:\/\/www.reinartz.de\/fr\/historique\/#breadcrumb"},"inLanguage":"fr-FR","potentialAction":[{"@type":"ReadAction","target":["https:\/\/www.reinartz.de\/fr\/historique\/"]}]},{"@type":"ImageObject","inLanguage":"fr-FR","@id":"https:\/\/www.reinartz.de\/fr\/historique\/#primaryimage","url":"https:\/\/www.reinartz.de\/wp-content\/uploads\/2015\/10\/1985_Historie_Kennzeichen.jpg","contentUrl":"https:\/\/www.reinartz.de\/wp-content\/uploads\/2015\/10\/1985_Historie_Kennzeichen.jpg"},{"@type":"BreadcrumbList","@id":"https:\/\/www.reinartz.de\/fr\/historique\/#breadcrumb","itemListElement":[{"@type":"ListItem","position":1,"name":"Home","item":"https:\/\/www.reinartz.de\/fr\/"},{"@type":"ListItem","position":2,"name":"Historique"}]},{"@type":"WebSite","@id":"https:\/\/www.reinartz.de\/fr\/#website","url":"https:\/\/www.reinartz.de\/fr\/","name":"Reinartz","description":"Ihr spezialist  f\u00fcr Trennverfahren","publisher":{"@id":"https:\/\/www.reinartz.de\/fr\/#organization"},"potentialAction":[{"@type":"SearchAction","target":{"@type":"EntryPoint","urlTemplate":"https:\/\/www.reinartz.de\/fr\/?s={search_term_string}"},"query-input":{"@type":"PropertyValueSpecification","valueRequired":true,"valueName":"search_term_string"}}],"inLanguage":"fr-FR"},{"@type":"Organization","@id":"https:\/\/www.reinartz.de\/fr\/#organization","name":"Maschinenfabrik Reinartz GmbH & Co. KG","url":"https:\/\/www.reinartz.de\/fr\/","logo":{"@type":"ImageObject","inLanguage":"fr-FR","@id":"https:\/\/www.reinartz.de\/fr\/#\/schema\/logo\/image\/","url":"https:\/\/www.reinartz.de\/wp-content\/uploads\/reinartz-logo.svg","contentUrl":"https:\/\/www.reinartz.de\/wp-content\/uploads\/reinartz-logo.svg","width":1,"height":1,"caption":"Maschinenfabrik Reinartz GmbH & Co. KG"},"image":{"@id":"https:\/\/www.reinartz.de\/fr\/#\/schema\/logo\/image\/"},"sameAs":["https:\/\/www.facebook.com\/reinartzneuss\/","https:\/\/www.instagram.com\/reinartzneuss\/?igshid=o5j2mix70syj","https:\/\/www.youtube.com\/channel\/UCwFhOGzeYs1KRgx2nwWVHxg","https:\/\/www.linkedin.com\/company\/reinartz"]}]}},"_links":{"self":[{"href":"https:\/\/www.reinartz.de\/fr\/wp-json\/wp\/v2\/pages\/1765","targetHints":{"allow":["GET"]}}],"collection":[{"href":"https:\/\/www.reinartz.de\/fr\/wp-json\/wp\/v2\/pages"}],"about":[{"href":"https:\/\/www.reinartz.de\/fr\/wp-json\/wp\/v2\/types\/page"}],"author":[{"embeddable":true,"href":"https:\/\/www.reinartz.de\/fr\/wp-json\/wp\/v2\/users\/4"}],"replies":[{"embeddable":true,"href":"https:\/\/www.reinartz.de\/fr\/wp-json\/wp\/v2\/comments?post=1765"}],"version-history":[{"count":0,"href":"https:\/\/www.reinartz.de\/fr\/wp-json\/wp\/v2\/pages\/1765\/revisions"}],"wp:attachment":[{"href":"https:\/\/www.reinartz.de\/fr\/wp-json\/wp\/v2\/media?parent=1765"}],"curies":[{"name":"wp","href":"https:\/\/api.w.org\/{rel}","templated":true}]}}