
{"id":1771,"date":"2016-05-06T11:18:12","date_gmt":"2016-05-06T09:18:12","guid":{"rendered":"https:\/\/www.reinartz.de\/fr\/?page_id=1771"},"modified":"2020-07-10T09:24:43","modified_gmt":"2020-07-10T07:24:43","slug":"references","status":"publish","type":"page","link":"https:\/\/www.reinartz.de\/fr\/references\/","title":{"rendered":"NOS R\u00c9F\u00c9RENCES"},"content":{"rendered":"<div class=\"column-group columns-1\"><br \/>\n<div class=\"column column-number-1 last column-span-1\"><\/p>\n<p>Les clients du monde entier font confiance aux machines de notre si\u00e8ge \u00e0 Neuss. Partout, le nom de Maschinenfabrik REINARTZ est le synonyme d&rsquo;une combinaison r\u00e9ussie entre l&rsquo;artisanat traditionnel et les id\u00e9es novatrices.<\/p>\n<p>\n<\/div><br \/>\n<\/div>\n<div class=\"start-map-container\"><img decoding=\"async\" class=\"start-map\" src=\"https:\/\/www.reinartz.de\/wp-content\/uploads\/map-start_FR_1.jpg\" \/><\/div>\n<p><!--[slider category=\"referenzen-fr\"]--><br \/>\n<div class=\"list-references clearfix\"><div class=\"box-reference\"><img loading=\"lazy\" decoding=\"async\" width=\"260\" height=\"192\" src=\"https:\/\/www.reinartz.de\/wp-content\/uploads\/pirahy_260x192-260x192.png\" class=\"attachment-reference size-reference wp-post-image\" alt=\"\" \/><h4><a href=\"https:\/\/www.reinartz.de\/fr\/reference\/pirahy-alimentos\/\" title=\"Pirahy Alimentos\">Pirahy Alimentos<\/a><\/h4><p>Le Br\u00e9sil est l&rsquo;un des plus grands producteurs de riz au monde. L&rsquo;entreprise Pirahy Alimentos utilise des machines de Neuss pour le pressage de la farine de riz moulue. Le premier syst\u00e8me REINARTZ dans la production de riz peut traiter deux tonnes par heure.<\/p>\n<p><a class=\"read-more\" href=\"http:\/\/www.pratofino.com.br\/\" target=\"_blank\">> En savoir plus<\/a><\/p><\/div><div class=\"box-reference\"><img loading=\"lazy\" decoding=\"async\" width=\"243\" height=\"192\" src=\"https:\/\/www.reinartz.de\/wp-content\/uploads\/2015\/10\/florafuel-243x192.jpg\" class=\"attachment-reference size-reference wp-post-image\" alt=\"Cooperation in the context of decentralized energy production from biomass\" \/><h4><a href=\"https:\/\/www.reinartz.de\/fr\/reference\/florafuel\/\" title=\"Florafuel\">Florafuel<\/a><\/h4><p>Transformer les d\u00e9chets verts tels que l&rsquo;herbe ou les feuilles en carburant, telle est l&rsquo;id\u00e9e de Florafuel. Les machines REINARTZ aident \u00e0 le concr\u00e9tiser. Nos proc\u00e9d\u00e9s de pressage transforment le compost d&rsquo;hier en \u00e9nergie pr\u00e9cieuse pour des millions de m\u00e9nages.<\/p>\n<p><a class=\"read-more\" href=\"http:\/\/www.florafuel.de\/\" target=\"_blank\">> En savoir plus<\/a><\/p><\/div><div class=\"box-reference\"><img loading=\"lazy\" decoding=\"async\" width=\"260\" height=\"192\" src=\"https:\/\/www.reinartz.de\/wp-content\/uploads\/2016\/02\/Referenz-Logo-Hermetia2.jpg\" class=\"attachment-reference size-reference wp-post-image\" alt=\"Longtime partner in the field of insect processing\" \/><h4><a href=\"https:\/\/www.reinartz.de\/fr\/reference\/hermetia\/\" title=\"Hermetia\">Hermetia<\/a><\/h4><p>La demande de prot\u00e9ines dans l&rsquo;industrie de l&rsquo;alimentation animale est \u00e9norme. Comme alternative \u00e0 la farine de poisson souvent consomm\u00e9e, la soci\u00e9t\u00e9 Hermetia a une recette contre la surp\u00eache des oc\u00e9ans du monde : les prot\u00e9ines des larves de mouches. Les machines de REINARTZ transforment les larves en un aliment app\u00e9tant, riche en nutriments.<\/p>\n<p><a class=\"read-more\" href=\"http:\/\/www.hermetia.de\/\" target=\"_blank\">> En savoir plus<\/a><\/p><\/div><div class=\"box-reference\"><img loading=\"lazy\" decoding=\"async\" width=\"243\" height=\"192\" src=\"https:\/\/www.reinartz.de\/wp-content\/uploads\/2019\/09\/Referent-Logo-nextProtein_243x192.jpg-243x192.png\" class=\"attachment-reference size-reference wp-post-image\" alt=\"\" \/><h4><a href=\"https:\/\/www.reinartz.de\/fr\/reference\/nextprotein\/\" title=\"nextProtein\">nextProtein<\/a><\/h4><p>Des prot\u00e9ines \u00e0 base d&rsquo;insectes pour l&rsquo;alimentation animale et les engrais &#8211; C&rsquo;est ce \u00e0 quoi travaille NextProtein dans le but de contrer la p\u00e9nurie mondiale de terres et de ressources. La source de prot\u00e9ines durable est produite \u00e0 partir des larves de la mouche du soldat noir et des vers de farine \u00e0 l&rsquo;aide des presses REINARTZ.<\/p>\n<p><a class=\"read-more\" href=\"http:\/\/nextprotein.co\/\" target=\"_blank\">> En savoir plus<\/a><\/p><\/div><\/div><\/p>\n<p>&nbsp;<\/p>\n<p>&nbsp;<\/p>\n","protected":false},"excerpt":{"rendered":"<p>&nbsp; &nbsp;<\/p>\n","protected":false},"author":4,"featured_media":0,"parent":0,"menu_order":0,"comment_status":"closed","ping_status":"closed","template":"","meta":{"_acf_changed":false,"inline_featured_image":false,"footnotes":""},"class_list":["post-1771","page","type-page","status-publish","hentry"],"acf":[],"yoast_head":"<!-- This site is optimized with the Yoast SEO plugin v27.4 - https:\/\/yoast.com\/product\/yoast-seo-wordpress\/ -->\n<title>NOS R\u00c9F\u00c9RENCES - Reinartz<\/title>\n<meta name=\"robots\" content=\"index, follow, max-snippet:-1, max-image-preview:large, max-video-preview:-1\" \/>\n<link rel=\"canonical\" href=\"https:\/\/www.reinartz.de\/fr\/references\/\" \/>\n<meta property=\"og:locale\" content=\"fr_FR\" \/>\n<meta property=\"og:type\" content=\"article\" \/>\n<meta property=\"og:title\" content=\"NOS R\u00c9F\u00c9RENCES - Reinartz\" \/>\n<meta property=\"og:description\" content=\"&nbsp; &nbsp;\" \/>\n<meta property=\"og:url\" content=\"https:\/\/www.reinartz.de\/fr\/references\/\" \/>\n<meta property=\"og:site_name\" content=\"Reinartz\" \/>\n<meta property=\"article:publisher\" content=\"https:\/\/www.facebook.com\/reinartzneuss\/\" \/>\n<meta property=\"article:modified_time\" content=\"2020-07-10T07:24:43+00:00\" \/>\n<meta property=\"og:image\" content=\"https:\/\/www.reinartz.de\/wp-content\/uploads\/map-start_FR_1.jpg\" \/>\n<script type=\"application\/ld+json\" class=\"yoast-schema-graph\">{\"@context\":\"https:\\\/\\\/schema.org\",\"@graph\":[{\"@type\":\"WebPage\",\"@id\":\"https:\\\/\\\/www.reinartz.de\\\/fr\\\/references\\\/\",\"url\":\"https:\\\/\\\/www.reinartz.de\\\/fr\\\/references\\\/\",\"name\":\"NOS R\u00c9F\u00c9RENCES - Reinartz\",\"isPartOf\":{\"@id\":\"https:\\\/\\\/www.reinartz.de\\\/fr\\\/#website\"},\"primaryImageOfPage\":{\"@id\":\"https:\\\/\\\/www.reinartz.de\\\/fr\\\/references\\\/#primaryimage\"},\"image\":{\"@id\":\"https:\\\/\\\/www.reinartz.de\\\/fr\\\/references\\\/#primaryimage\"},\"thumbnailUrl\":\"https:\\\/\\\/www.reinartz.de\\\/wp-content\\\/uploads\\\/map-start_FR_1.jpg\",\"datePublished\":\"2016-05-06T09:18:12+00:00\",\"dateModified\":\"2020-07-10T07:24:43+00:00\",\"breadcrumb\":{\"@id\":\"https:\\\/\\\/www.reinartz.de\\\/fr\\\/references\\\/#breadcrumb\"},\"inLanguage\":\"fr-FR\",\"potentialAction\":[{\"@type\":\"ReadAction\",\"target\":[\"https:\\\/\\\/www.reinartz.de\\\/fr\\\/references\\\/\"]}]},{\"@type\":\"ImageObject\",\"inLanguage\":\"fr-FR\",\"@id\":\"https:\\\/\\\/www.reinartz.de\\\/fr\\\/references\\\/#primaryimage\",\"url\":\"https:\\\/\\\/www.reinartz.de\\\/wp-content\\\/uploads\\\/map-start_FR_1.jpg\",\"contentUrl\":\"https:\\\/\\\/www.reinartz.de\\\/wp-content\\\/uploads\\\/map-start_FR_1.jpg\"},{\"@type\":\"BreadcrumbList\",\"@id\":\"https:\\\/\\\/www.reinartz.de\\\/fr\\\/references\\\/#breadcrumb\",\"itemListElement\":[{\"@type\":\"ListItem\",\"position\":1,\"name\":\"Home\",\"item\":\"https:\\\/\\\/www.reinartz.de\\\/fr\\\/\"},{\"@type\":\"ListItem\",\"position\":2,\"name\":\"NOS R\u00c9F\u00c9RENCES\"}]},{\"@type\":\"WebSite\",\"@id\":\"https:\\\/\\\/www.reinartz.de\\\/fr\\\/#website\",\"url\":\"https:\\\/\\\/www.reinartz.de\\\/fr\\\/\",\"name\":\"Reinartz\",\"description\":\"Ihr spezialist  f\u00fcr Trennverfahren\",\"publisher\":{\"@id\":\"https:\\\/\\\/www.reinartz.de\\\/fr\\\/#organization\"},\"potentialAction\":[{\"@type\":\"SearchAction\",\"target\":{\"@type\":\"EntryPoint\",\"urlTemplate\":\"https:\\\/\\\/www.reinartz.de\\\/fr\\\/?s={search_term_string}\"},\"query-input\":{\"@type\":\"PropertyValueSpecification\",\"valueRequired\":true,\"valueName\":\"search_term_string\"}}],\"inLanguage\":\"fr-FR\"},{\"@type\":\"Organization\",\"@id\":\"https:\\\/\\\/www.reinartz.de\\\/fr\\\/#organization\",\"name\":\"Maschinenfabrik Reinartz GmbH & Co. KG\",\"url\":\"https:\\\/\\\/www.reinartz.de\\\/fr\\\/\",\"logo\":{\"@type\":\"ImageObject\",\"inLanguage\":\"fr-FR\",\"@id\":\"https:\\\/\\\/www.reinartz.de\\\/fr\\\/#\\\/schema\\\/logo\\\/image\\\/\",\"url\":\"https:\\\/\\\/www.reinartz.de\\\/wp-content\\\/uploads\\\/reinartz-logo.svg\",\"contentUrl\":\"https:\\\/\\\/www.reinartz.de\\\/wp-content\\\/uploads\\\/reinartz-logo.svg\",\"width\":1,\"height\":1,\"caption\":\"Maschinenfabrik Reinartz GmbH & Co. KG\"},\"image\":{\"@id\":\"https:\\\/\\\/www.reinartz.de\\\/fr\\\/#\\\/schema\\\/logo\\\/image\\\/\"},\"sameAs\":[\"https:\\\/\\\/www.facebook.com\\\/reinartzneuss\\\/\",\"https:\\\/\\\/www.instagram.com\\\/reinartzneuss\\\/?igshid=o5j2mix70syj\",\"https:\\\/\\\/www.youtube.com\\\/channel\\\/UCwFhOGzeYs1KRgx2nwWVHxg\",\"https:\\\/\\\/www.linkedin.com\\\/company\\\/reinartz\"]}]}<\/script>\n<!-- \/ Yoast SEO plugin. -->","yoast_head_json":{"title":"NOS R\u00c9F\u00c9RENCES - Reinartz","robots":{"index":"index","follow":"follow","max-snippet":"max-snippet:-1","max-image-preview":"max-image-preview:large","max-video-preview":"max-video-preview:-1"},"canonical":"https:\/\/www.reinartz.de\/fr\/references\/","og_locale":"fr_FR","og_type":"article","og_title":"NOS R\u00c9F\u00c9RENCES - Reinartz","og_description":"&nbsp; &nbsp;","og_url":"https:\/\/www.reinartz.de\/fr\/references\/","og_site_name":"Reinartz","article_publisher":"https:\/\/www.facebook.com\/reinartzneuss\/","article_modified_time":"2020-07-10T07:24:43+00:00","og_image":[{"url":"https:\/\/www.reinartz.de\/wp-content\/uploads\/map-start_FR_1.jpg","type":"","width":"","height":""}],"schema":{"@context":"https:\/\/schema.org","@graph":[{"@type":"WebPage","@id":"https:\/\/www.reinartz.de\/fr\/references\/","url":"https:\/\/www.reinartz.de\/fr\/references\/","name":"NOS R\u00c9F\u00c9RENCES - Reinartz","isPartOf":{"@id":"https:\/\/www.reinartz.de\/fr\/#website"},"primaryImageOfPage":{"@id":"https:\/\/www.reinartz.de\/fr\/references\/#primaryimage"},"image":{"@id":"https:\/\/www.reinartz.de\/fr\/references\/#primaryimage"},"thumbnailUrl":"https:\/\/www.reinartz.de\/wp-content\/uploads\/map-start_FR_1.jpg","datePublished":"2016-05-06T09:18:12+00:00","dateModified":"2020-07-10T07:24:43+00:00","breadcrumb":{"@id":"https:\/\/www.reinartz.de\/fr\/references\/#breadcrumb"},"inLanguage":"fr-FR","potentialAction":[{"@type":"ReadAction","target":["https:\/\/www.reinartz.de\/fr\/references\/"]}]},{"@type":"ImageObject","inLanguage":"fr-FR","@id":"https:\/\/www.reinartz.de\/fr\/references\/#primaryimage","url":"https:\/\/www.reinartz.de\/wp-content\/uploads\/map-start_FR_1.jpg","contentUrl":"https:\/\/www.reinartz.de\/wp-content\/uploads\/map-start_FR_1.jpg"},{"@type":"BreadcrumbList","@id":"https:\/\/www.reinartz.de\/fr\/references\/#breadcrumb","itemListElement":[{"@type":"ListItem","position":1,"name":"Home","item":"https:\/\/www.reinartz.de\/fr\/"},{"@type":"ListItem","position":2,"name":"NOS R\u00c9F\u00c9RENCES"}]},{"@type":"WebSite","@id":"https:\/\/www.reinartz.de\/fr\/#website","url":"https:\/\/www.reinartz.de\/fr\/","name":"Reinartz","description":"Ihr spezialist  f\u00fcr Trennverfahren","publisher":{"@id":"https:\/\/www.reinartz.de\/fr\/#organization"},"potentialAction":[{"@type":"SearchAction","target":{"@type":"EntryPoint","urlTemplate":"https:\/\/www.reinartz.de\/fr\/?s={search_term_string}"},"query-input":{"@type":"PropertyValueSpecification","valueRequired":true,"valueName":"search_term_string"}}],"inLanguage":"fr-FR"},{"@type":"Organization","@id":"https:\/\/www.reinartz.de\/fr\/#organization","name":"Maschinenfabrik Reinartz GmbH & Co. KG","url":"https:\/\/www.reinartz.de\/fr\/","logo":{"@type":"ImageObject","inLanguage":"fr-FR","@id":"https:\/\/www.reinartz.de\/fr\/#\/schema\/logo\/image\/","url":"https:\/\/www.reinartz.de\/wp-content\/uploads\/reinartz-logo.svg","contentUrl":"https:\/\/www.reinartz.de\/wp-content\/uploads\/reinartz-logo.svg","width":1,"height":1,"caption":"Maschinenfabrik Reinartz GmbH & Co. KG"},"image":{"@id":"https:\/\/www.reinartz.de\/fr\/#\/schema\/logo\/image\/"},"sameAs":["https:\/\/www.facebook.com\/reinartzneuss\/","https:\/\/www.instagram.com\/reinartzneuss\/?igshid=o5j2mix70syj","https:\/\/www.youtube.com\/channel\/UCwFhOGzeYs1KRgx2nwWVHxg","https:\/\/www.linkedin.com\/company\/reinartz"]}]}},"_links":{"self":[{"href":"https:\/\/www.reinartz.de\/fr\/wp-json\/wp\/v2\/pages\/1771","targetHints":{"allow":["GET"]}}],"collection":[{"href":"https:\/\/www.reinartz.de\/fr\/wp-json\/wp\/v2\/pages"}],"about":[{"href":"https:\/\/www.reinartz.de\/fr\/wp-json\/wp\/v2\/types\/page"}],"author":[{"embeddable":true,"href":"https:\/\/www.reinartz.de\/fr\/wp-json\/wp\/v2\/users\/4"}],"replies":[{"embeddable":true,"href":"https:\/\/www.reinartz.de\/fr\/wp-json\/wp\/v2\/comments?post=1771"}],"version-history":[{"count":0,"href":"https:\/\/www.reinartz.de\/fr\/wp-json\/wp\/v2\/pages\/1771\/revisions"}],"wp:attachment":[{"href":"https:\/\/www.reinartz.de\/fr\/wp-json\/wp\/v2\/media?parent=1771"}],"curies":[{"name":"wp","href":"https:\/\/api.w.org\/{rel}","templated":true}]}}