
{"id":3437,"date":"2017-08-14T15:21:22","date_gmt":"2017-08-14T13:21:22","guid":{"rendered":"https:\/\/www.reinartz.de\/fr\/newsletter\/"},"modified":"2025-04-22T16:53:05","modified_gmt":"2025-04-22T14:53:05","slug":"newsletter-3","status":"publish","type":"page","link":"https:\/\/www.reinartz.de\/fr\/newsletter-3\/","title":{"rendered":"Inscription \u00e0 la newsletter"},"content":{"rendered":"<article>\n<h1>Inscription \u00e0 la newsletter<\/h1>\n<p><script id=\"n2g_script\">\nvar config = {\n    \"form\": {\n        \"class\": \"\",\n        \"style\": \"\"\n    },\n    \"container\": {\n        \"type\": \"table\",\n        \"class\": \"\",\n        \"style\": \"width: 100%;\"\n    },\n    \"row\": {\n        \"type\": \"tr\",\n        \"class\": \"\",\n        \"style\": \"\"\n    },\n    \"columnLeft\": {\n        \"type\": \"td\",\n        \"class\": \"\",\n        \"style\": \"width: 40%; padding: 10px 5px;\"\n    },\n    \"columnRight\": {\n        \"type\": \"td\",\n        \"class\": \"\",\n        \"style\": \"\"\n    },\n    \"checkbox\": {\n        \"type\": \"input\",\n        \"class\": \"\",\n        \"style\": \"\"\n    },\n    \"separator\": {\n        \"type\": \"br\",\n        \"class\": \"\",\n        \"style\": \"\"\n    },\n    \"input\": {\n        \"class\": \"\",\n        \"style\": \"padding: 5px 10px; border-radius: 2px; border: 1px solid #d8dee4;\"\n    },\n    \"dropdown\": {\n        \"type\": \"select\",\n        \"class\": \"\",\n        \"style\": \"padding: 3px 5px; border-radius: 2px; border: 1px solid #d8dee4;\"\n    },\n    \"button\": {\n        \"type\": \"button\",\n        \"class\": \"\",\n        \"id\": \"\",\n        \"style\": \"background-color: #00baff; border: none; border-radius: 4px; padding: 10px 20px; color: #ffffff; margin-top: 20px; cursor: pointer;\"\n    },\n    \"label\": {\n        \"type\": \"label\",\n        \"class\": \"\",\n        \"style\": \"padding-left: 5px; width: 100%;\"\n    },\n    \"loader\": {\n        \"type\": \"img\",\n        \"src\": \"\/\/www.newsletter2go.com\/images\/loader.svg\",\n        \"class\": \"\",\n        \"style\": \"margin: auto; display:block; width: auto;\"\n    },\n    \"message\": {\n        \"type\": \"h2\",\n        \"class\": \"\",\n        \"id\": \"\",\n        \"style\": \"text-align: center;\"\n    },\n    \"captchaImage\": {\n\t\"type\": \"img\",\n\t\"class\": \"\",\n\t\"style\": \"padding: 5px; border: 0px solid #fff; margin-top: 5px; width: 32px; height: 32px; cursor: pointer; display:inline;\",\n\t\"style:active\": \"padding: 5px; border: 3px solid #ccc; margin-top: 5px; width: 32px; height: 32px; cursor: pointer;\"\n    }\n }\n!function(e,t,n,c,r,a,i){e.Newsletter2GoTrackingObject=r,e[r]=e[r]||function(){(e[r].q=e[r].q||[]).push(arguments)},e[r].l=1*new Date,a=t.createElement(n),i=t.getElementsByTagName(n)[0],a.async=1,a.src=c,i.parentNode.insertBefore(a,i)}(window,document,\"script\",\"https:\/\/static.newsletter2go.com\/utils.js\",\"n2g\");\nn2g('create', '816m58wn-g2ae2mvn-zk9');\nn2g('subscribe:createForm', config);\n<\/script><\/p>\n<p style=\"font-size: 11px; text-align: center;\">*champs obligatoires<\/p>\n<\/article>\n<section class=\"clearfix main main-gray\">\n<div class=\"nl_archiv_content\">\n<h1 class=\"headline\">Archives de la Newsletter<\/h2>\n<ul class=\"nl_archiv\"><li><div class=\"n_l\"><h5 style=\"background: url(https:\/\/www.reinartz.de\/wp-content\/uploads\/Icon_Newsletter_12-2019_V2-e1580821176495.png) no-repeat center center \/ cover\"><\/h5><\/div><div class=\"nl_txt\"><h4>11. d\u00e9cembre 2019<\/h4><p>Notre Newsletter avec le sujet: \"Prix Hanse 2019, la production de farines d'insectes prot\u00e9in\u00e9es et le monde de REINARTZ\"<a href=\"https:\/\/archive.newsletter2go.com\/?n2g=816m58wn-5bk8qzir-rnsl31qe-8ttnzb6b-4we\" target=\"_blank\" rel=\"noopener noreferrer\">Download<\/a><\/p> <\/div><\/li><li><div class=\"n_l\"><h5 style=\"background: url(https:\/\/www.reinartz.de\/wp-content\/uploads\/2019\/09\/Newsletter_09-2019.jpg) no-repeat center center \/ cover\"><\/h5><\/div><div class=\"nl_txt\"><h4>26. septembre 2019<\/h4><p>Notre Newsletter avec le sujet: \"Prot\u00e9ine d\u2019insecte, Prot\u00e9ine v\u00e9g\u00e9tale et Que sont r\u00e9ellement les prot\u00e9ines ?\"<a href=\"https:\/\/archive.newsletter2go.com\/?n2g=816m58wn-c08i58nq-pca\" target=\"_blank\" rel=\"noopener noreferrer\">Download<\/a><\/p> <\/div><\/li><li><div class=\"n_l\"><h5 style=\"background: url(https:\/\/www.reinartz.de\/wp-content\/uploads\/2019\/04\/Newsletter_04-2019.png) no-repeat center center \/ cover\"><\/h5><\/div><div class=\"nl_txt\"><h4>01. avril 2019<\/h4><p>Notre Newsletter avec le sujet: \"Prot\u00e9ines v\u00e9g\u00e9tales \u00e0 base de colza, L'\u00e9nergie issue de la biomasse et Affinage par wint\u00e9risation\"<a href=\"http:\/\/archive.newsletter2go.com\/?n2g=816m58wn-nltlbl3n-hug\" target=\"_blank\" rel=\"noopener noreferrer\">Download<\/a><\/p> <\/div><\/li><li><div class=\"n_l\"><h5 style=\"background: url(https:\/\/www.reinartz.de\/wp-content\/uploads\/2018\/11\/Newsletter_26-11-2018.jpg) no-repeat center center \/ cover\"><\/h5><\/div><div class=\"nl_txt\"><h4>26. novembre 2018<\/h4><p>Notre Newsletter avec le sujet: \"Les Hermetia illucens pour toutou et amis, R\u00e9seautage avec notre service 4.0 et La technologie rencontre l\u2019esprit novateur\"<a href=\"http:\/\/archive.newsletter2go.com\/?n2g=816m58wn-ryopuq3b-15ns\" target=\"_blank\" rel=\"noopener\">Download<\/a><\/p> <\/div><\/li><li><div class=\"n_l\"><h5 style=\"background: url(https:\/\/www.reinartz.de\/wp-content\/uploads\/2018\/09\/Newsletter-08-08-2018-4.png) no-repeat center center \/ cover\"><\/h5><\/div><div class=\"nl_txt\"><h4>08. ao\u00fbt 2018<\/h4><p>Notre Newsletter avec le sujet: \"Des insectes comme compl\u00e9ment dans l'alimentation animale ?, Une huile d'excellence avec un rendement maximal et Conceptions d'ing\u00e9nierie individuelles de Reinartz\"<a href=\"http:\/\/archive.newsletter2go.com\/?n2g=816m58wn-b1z7oz76-x27\" target=\"_blank\" rel=\"noopener\">Download<\/a><\/p> <\/div><\/li><\/ul><\/div>\n<\/div>\n<\/section>\n","protected":false},"excerpt":{"rendered":"<p>Inscription \u00e0 la newsletter *champs obligatoires Archives de la Newsletter<\/p>\n","protected":false},"author":4,"featured_media":0,"parent":0,"menu_order":0,"comment_status":"closed","ping_status":"closed","template":"page-clean.php","meta":{"_acf_changed":false,"inline_featured_image":false,"footnotes":""},"class_list":["post-3437","page","type-page","status-publish","hentry"],"acf":[],"yoast_head":"<!-- This site is optimized with the Yoast SEO plugin v27.4 - https:\/\/yoast.com\/product\/yoast-seo-wordpress\/ -->\n<title>Inscription \u00e0 la newsletter - Reinartz<\/title>\n<meta name=\"robots\" content=\"index, follow, max-snippet:-1, max-image-preview:large, max-video-preview:-1\" \/>\n<link rel=\"canonical\" href=\"https:\/\/www.reinartz.de\/fr\/newsletter-3\/\" \/>\n<meta property=\"og:locale\" content=\"fr_FR\" \/>\n<meta property=\"og:type\" content=\"article\" \/>\n<meta property=\"og:title\" content=\"Inscription \u00e0 la newsletter - Reinartz\" \/>\n<meta property=\"og:description\" content=\"Inscription \u00e0 la newsletter *champs obligatoires Archives de la Newsletter\" \/>\n<meta property=\"og:url\" content=\"https:\/\/www.reinartz.de\/fr\/newsletter-3\/\" \/>\n<meta property=\"og:site_name\" content=\"Reinartz\" \/>\n<meta property=\"article:publisher\" content=\"https:\/\/www.facebook.com\/reinartzneuss\/\" \/>\n<meta property=\"article:modified_time\" content=\"2025-04-22T14:53:05+00:00\" \/>\n<script type=\"application\/ld+json\" class=\"yoast-schema-graph\">{\"@context\":\"https:\\\/\\\/schema.org\",\"@graph\":[{\"@type\":\"WebPage\",\"@id\":\"https:\\\/\\\/www.reinartz.de\\\/fr\\\/newsletter-3\\\/\",\"url\":\"https:\\\/\\\/www.reinartz.de\\\/fr\\\/newsletter-3\\\/\",\"name\":\"Inscription \u00e0 la newsletter - Reinartz\",\"isPartOf\":{\"@id\":\"https:\\\/\\\/www.reinartz.de\\\/fr\\\/#website\"},\"datePublished\":\"2017-08-14T13:21:22+00:00\",\"dateModified\":\"2025-04-22T14:53:05+00:00\",\"breadcrumb\":{\"@id\":\"https:\\\/\\\/www.reinartz.de\\\/fr\\\/newsletter-3\\\/#breadcrumb\"},\"inLanguage\":\"fr-FR\",\"potentialAction\":[{\"@type\":\"ReadAction\",\"target\":[\"https:\\\/\\\/www.reinartz.de\\\/fr\\\/newsletter-3\\\/\"]}]},{\"@type\":\"BreadcrumbList\",\"@id\":\"https:\\\/\\\/www.reinartz.de\\\/fr\\\/newsletter-3\\\/#breadcrumb\",\"itemListElement\":[{\"@type\":\"ListItem\",\"position\":1,\"name\":\"Home\",\"item\":\"https:\\\/\\\/www.reinartz.de\\\/fr\\\/\"},{\"@type\":\"ListItem\",\"position\":2,\"name\":\"Inscription \u00e0 la newsletter\"}]},{\"@type\":\"WebSite\",\"@id\":\"https:\\\/\\\/www.reinartz.de\\\/fr\\\/#website\",\"url\":\"https:\\\/\\\/www.reinartz.de\\\/fr\\\/\",\"name\":\"Reinartz\",\"description\":\"Ihr spezialist  f\u00fcr Trennverfahren\",\"publisher\":{\"@id\":\"https:\\\/\\\/www.reinartz.de\\\/fr\\\/#organization\"},\"potentialAction\":[{\"@type\":\"SearchAction\",\"target\":{\"@type\":\"EntryPoint\",\"urlTemplate\":\"https:\\\/\\\/www.reinartz.de\\\/fr\\\/?s={search_term_string}\"},\"query-input\":{\"@type\":\"PropertyValueSpecification\",\"valueRequired\":true,\"valueName\":\"search_term_string\"}}],\"inLanguage\":\"fr-FR\"},{\"@type\":\"Organization\",\"@id\":\"https:\\\/\\\/www.reinartz.de\\\/fr\\\/#organization\",\"name\":\"Maschinenfabrik Reinartz GmbH & Co. KG\",\"url\":\"https:\\\/\\\/www.reinartz.de\\\/fr\\\/\",\"logo\":{\"@type\":\"ImageObject\",\"inLanguage\":\"fr-FR\",\"@id\":\"https:\\\/\\\/www.reinartz.de\\\/fr\\\/#\\\/schema\\\/logo\\\/image\\\/\",\"url\":\"https:\\\/\\\/www.reinartz.de\\\/wp-content\\\/uploads\\\/reinartz-logo.svg\",\"contentUrl\":\"https:\\\/\\\/www.reinartz.de\\\/wp-content\\\/uploads\\\/reinartz-logo.svg\",\"width\":1,\"height\":1,\"caption\":\"Maschinenfabrik Reinartz GmbH & Co. KG\"},\"image\":{\"@id\":\"https:\\\/\\\/www.reinartz.de\\\/fr\\\/#\\\/schema\\\/logo\\\/image\\\/\"},\"sameAs\":[\"https:\\\/\\\/www.facebook.com\\\/reinartzneuss\\\/\",\"https:\\\/\\\/www.instagram.com\\\/reinartzneuss\\\/?igshid=o5j2mix70syj\",\"https:\\\/\\\/www.youtube.com\\\/channel\\\/UCwFhOGzeYs1KRgx2nwWVHxg\",\"https:\\\/\\\/www.linkedin.com\\\/company\\\/reinartz\"]}]}<\/script>\n<!-- \/ Yoast SEO plugin. -->","yoast_head_json":{"title":"Inscription \u00e0 la newsletter - Reinartz","robots":{"index":"index","follow":"follow","max-snippet":"max-snippet:-1","max-image-preview":"max-image-preview:large","max-video-preview":"max-video-preview:-1"},"canonical":"https:\/\/www.reinartz.de\/fr\/newsletter-3\/","og_locale":"fr_FR","og_type":"article","og_title":"Inscription \u00e0 la newsletter - Reinartz","og_description":"Inscription \u00e0 la newsletter *champs obligatoires Archives de la Newsletter","og_url":"https:\/\/www.reinartz.de\/fr\/newsletter-3\/","og_site_name":"Reinartz","article_publisher":"https:\/\/www.facebook.com\/reinartzneuss\/","article_modified_time":"2025-04-22T14:53:05+00:00","schema":{"@context":"https:\/\/schema.org","@graph":[{"@type":"WebPage","@id":"https:\/\/www.reinartz.de\/fr\/newsletter-3\/","url":"https:\/\/www.reinartz.de\/fr\/newsletter-3\/","name":"Inscription \u00e0 la newsletter - Reinartz","isPartOf":{"@id":"https:\/\/www.reinartz.de\/fr\/#website"},"datePublished":"2017-08-14T13:21:22+00:00","dateModified":"2025-04-22T14:53:05+00:00","breadcrumb":{"@id":"https:\/\/www.reinartz.de\/fr\/newsletter-3\/#breadcrumb"},"inLanguage":"fr-FR","potentialAction":[{"@type":"ReadAction","target":["https:\/\/www.reinartz.de\/fr\/newsletter-3\/"]}]},{"@type":"BreadcrumbList","@id":"https:\/\/www.reinartz.de\/fr\/newsletter-3\/#breadcrumb","itemListElement":[{"@type":"ListItem","position":1,"name":"Home","item":"https:\/\/www.reinartz.de\/fr\/"},{"@type":"ListItem","position":2,"name":"Inscription \u00e0 la newsletter"}]},{"@type":"WebSite","@id":"https:\/\/www.reinartz.de\/fr\/#website","url":"https:\/\/www.reinartz.de\/fr\/","name":"Reinartz","description":"Ihr spezialist  f\u00fcr Trennverfahren","publisher":{"@id":"https:\/\/www.reinartz.de\/fr\/#organization"},"potentialAction":[{"@type":"SearchAction","target":{"@type":"EntryPoint","urlTemplate":"https:\/\/www.reinartz.de\/fr\/?s={search_term_string}"},"query-input":{"@type":"PropertyValueSpecification","valueRequired":true,"valueName":"search_term_string"}}],"inLanguage":"fr-FR"},{"@type":"Organization","@id":"https:\/\/www.reinartz.de\/fr\/#organization","name":"Maschinenfabrik Reinartz GmbH & Co. KG","url":"https:\/\/www.reinartz.de\/fr\/","logo":{"@type":"ImageObject","inLanguage":"fr-FR","@id":"https:\/\/www.reinartz.de\/fr\/#\/schema\/logo\/image\/","url":"https:\/\/www.reinartz.de\/wp-content\/uploads\/reinartz-logo.svg","contentUrl":"https:\/\/www.reinartz.de\/wp-content\/uploads\/reinartz-logo.svg","width":1,"height":1,"caption":"Maschinenfabrik Reinartz GmbH & Co. KG"},"image":{"@id":"https:\/\/www.reinartz.de\/fr\/#\/schema\/logo\/image\/"},"sameAs":["https:\/\/www.facebook.com\/reinartzneuss\/","https:\/\/www.instagram.com\/reinartzneuss\/?igshid=o5j2mix70syj","https:\/\/www.youtube.com\/channel\/UCwFhOGzeYs1KRgx2nwWVHxg","https:\/\/www.linkedin.com\/company\/reinartz"]}]}},"_links":{"self":[{"href":"https:\/\/www.reinartz.de\/fr\/wp-json\/wp\/v2\/pages\/3437","targetHints":{"allow":["GET"]}}],"collection":[{"href":"https:\/\/www.reinartz.de\/fr\/wp-json\/wp\/v2\/pages"}],"about":[{"href":"https:\/\/www.reinartz.de\/fr\/wp-json\/wp\/v2\/types\/page"}],"author":[{"embeddable":true,"href":"https:\/\/www.reinartz.de\/fr\/wp-json\/wp\/v2\/users\/4"}],"replies":[{"embeddable":true,"href":"https:\/\/www.reinartz.de\/fr\/wp-json\/wp\/v2\/comments?post=3437"}],"version-history":[{"count":1,"href":"https:\/\/www.reinartz.de\/fr\/wp-json\/wp\/v2\/pages\/3437\/revisions"}],"predecessor-version":[{"id":52936,"href":"https:\/\/www.reinartz.de\/fr\/wp-json\/wp\/v2\/pages\/3437\/revisions\/52936"}],"wp:attachment":[{"href":"https:\/\/www.reinartz.de\/fr\/wp-json\/wp\/v2\/media?parent=3437"}],"curies":[{"name":"wp","href":"https:\/\/api.w.org\/{rel}","templated":true}]}}