
{"id":3684,"date":"2017-09-04T12:39:13","date_gmt":"2017-09-04T10:39:13","guid":{"rendered":"https:\/\/www.reinartz.de\/fr\/?page_id=3684"},"modified":"2017-12-22T14:51:13","modified_gmt":"2017-12-22T13:51:13","slug":"formulaire-de-demande","status":"publish","type":"page","link":"https:\/\/www.reinartz.de\/fr\/formulaire-de-demande\/","title":{"rendered":"Formulaire de demande"},"content":{"rendered":"<div class=\"column-group columns-2\"><div class=\"column column-number-1 column-span-1\"><\/div><div class=\"column column-number-2 last column-span-1\"><\/div><\/div>\n\n<div class=\"wpcf7 no-js\" id=\"wpcf7-f3674-o1\" lang=\"de-DE\" dir=\"ltr\" data-wpcf7-id=\"3674\">\n<div class=\"screen-reader-response\"><p role=\"status\" aria-live=\"polite\" aria-atomic=\"true\"><\/p> <ul><\/ul><\/div>\n<form action=\"\/fr\/wp-json\/wp\/v2\/pages\/3684#wpcf7-f3674-o1\" method=\"post\" class=\"wpcf7-form init\" aria-label=\"Kontaktformular\" novalidate=\"novalidate\" data-status=\"init\">\n<fieldset class=\"hidden-fields-container\"><input type=\"hidden\" name=\"_wpcf7\" value=\"3674\" \/><input type=\"hidden\" name=\"_wpcf7_version\" value=\"6.1.5\" \/><input type=\"hidden\" name=\"_wpcf7_locale\" value=\"de_DE\" \/><input type=\"hidden\" name=\"_wpcf7_unit_tag\" value=\"wpcf7-f3674-o1\" \/><input type=\"hidden\" name=\"_wpcf7_container_post\" value=\"0\" \/><input type=\"hidden\" name=\"_wpcf7_posted_data_hash\" value=\"\" \/>\n<\/fieldset>\n<div class=\"form_k\" id=\"firmeninformation\">\n\t<h4>Informations sur l'entreprise\n\t<\/h4>\n\t<p><label>Nom de l'entreprise*<\/label><span class=\"wpcf7-form-control-wrap\" data-name=\"firma\"><input size=\"40\" maxlength=\"400\" class=\"wpcf7-form-control wpcf7-text wpcf7-validates-as-required\" aria-required=\"true\" aria-invalid=\"false\" value=\"\" type=\"text\" name=\"firma\" \/><\/span>\n\t<\/p>\n\t<p><label>Contact*<\/label><span class=\"wpcf7-form-control-wrap\" data-name=\"ansprechpartner\"><input size=\"40\" maxlength=\"400\" class=\"wpcf7-form-control wpcf7-text wpcf7-validates-as-required\" aria-required=\"true\" aria-invalid=\"false\" value=\"\" type=\"text\" name=\"ansprechpartner\" \/><\/span>\n\t<\/p>\n\t<p><label>Rue, code postal, ville*<\/label><span class=\"wpcf7-form-control-wrap\" data-name=\"adresse\"><input size=\"40\" maxlength=\"400\" class=\"wpcf7-form-control wpcf7-text wpcf7-validates-as-required\" aria-required=\"true\" aria-invalid=\"false\" value=\"\" type=\"text\" name=\"adresse\" \/><\/span>\n\t<\/p>\n\t<p><label>T\u00e9l\u00e9phone*<\/label><span class=\"wpcf7-form-control-wrap\" data-name=\"rufnummer\"><input size=\"40\" maxlength=\"400\" class=\"wpcf7-form-control wpcf7-text wpcf7-validates-as-required\" aria-required=\"true\" aria-invalid=\"false\" value=\"\" type=\"text\" name=\"rufnummer\" \/><\/span>\n\t<\/p>\n\t<p><label>E-Mail*<\/label><span class=\"wpcf7-form-control-wrap\" data-name=\"your-email\"><input size=\"40\" maxlength=\"400\" class=\"wpcf7-form-control wpcf7-email wpcf7-validates-as-required wpcf7-text wpcf7-validates-as-email\" aria-required=\"true\" aria-invalid=\"false\" value=\"\" type=\"email\" name=\"your-email\" \/><\/span>\n\t<\/p>\n\t<p><label>Adresse du site internet<\/label><span class=\"wpcf7-form-control-wrap\" data-name=\"webseitenadresse\"><input size=\"40\" maxlength=\"400\" class=\"wpcf7-form-control wpcf7-text\" aria-invalid=\"false\" value=\"\" type=\"text\" name=\"webseitenadresse\" \/><\/span>\n\t<\/p>\n\t<p><label>Secteur d'activit\u00e9<\/label><span class=\"wpcf7-form-control-wrap\" data-name=\"branche\"><input size=\"40\" maxlength=\"400\" class=\"wpcf7-form-control wpcf7-text\" aria-invalid=\"false\" value=\"\" type=\"text\" name=\"branche\" \/><\/span>\n\t<\/p>\n<\/div>\n<div class=\"form_k\" id=\"angaben_zum_produkt\">\n\t<h4>Informations produit\n\t<\/h4>\n\t<p><label>Nom du produit*<\/label><span class=\"wpcf7-form-control-wrap\" data-name=\"zu_verarbeitendes_produkt\"><input size=\"40\" maxlength=\"400\" class=\"wpcf7-form-control wpcf7-text wpcf7-validates-as-required\" aria-required=\"true\" aria-invalid=\"false\" value=\"\" type=\"text\" name=\"zu_verarbeitendes_produkt\" \/><\/span>\n\t<\/p>\n\t<p><label>Teneur en huile<\/label><span class=\"wpcf7-form-control-wrap\" data-name=\"oelgehalt\"><input size=\"40\" maxlength=\"400\" class=\"wpcf7-form-control wpcf7-text\" aria-invalid=\"false\" value=\"\" type=\"text\" name=\"oelgehalt\" \/><\/span>\n\t<\/p>\n\t<p><label>Capacit\u00e9 de trituration pr\u00e9vue*<\/label><span class=\"wpcf7-form-control-wrap\" data-name=\"geplante_bearbeitungskapazitaet\"><input size=\"40\" maxlength=\"400\" class=\"wpcf7-form-control wpcf7-text wpcf7-validates-as-required\" aria-required=\"true\" aria-invalid=\"false\" value=\"\" type=\"text\" name=\"geplante_bearbeitungskapazitaet\" \/><\/span> par 24 h\n\t<\/p>\n\t<p><label>Teneur en eau<\/label><span class=\"wpcf7-form-control-wrap\" data-name=\"wassergehalt\"><input size=\"40\" maxlength=\"400\" class=\"wpcf7-form-control wpcf7-text\" aria-invalid=\"false\" value=\"\" type=\"text\" name=\"wassergehalt\" \/><\/span>\n\t<\/p>\n\t<p><label>Temp\u00e9rature du produit \u00e0 l'\u00e9ntr\u00e9e dans la presse<\/label><span class=\"wpcf7-form-control-wrap\" data-name=\"eingangstemperatur_material\"><input size=\"40\" maxlength=\"400\" class=\"wpcf7-form-control wpcf7-text\" aria-invalid=\"false\" value=\"\" type=\"text\" name=\"eingangstemperatur_material\" \/><\/span>\n\t<\/p>\n<\/div>\n<div class=\"form_k\" id=\"bauseitige_vorgaben\">\n\t<h4>Exigences d'implantation\n\t<\/h4>\n\t<p class=\"netz_sp\"><label>Tension de r\u00e9seau *<\/label><span class=\"wpcf7-form-control-wrap\" data-name=\"volt\"><input size=\"40\" maxlength=\"400\" class=\"wpcf7-form-control wpcf7-text wpcf7-validates-as-required\" aria-required=\"true\" aria-invalid=\"false\" value=\"\" type=\"text\" name=\"volt\" \/><\/span><span class=\"beschr\">V<\/span><span class=\"wpcf7-form-control-wrap\" data-name=\"herz\"><input size=\"40\" maxlength=\"400\" class=\"wpcf7-form-control wpcf7-text wpcf7-validates-as-required\" aria-required=\"true\" aria-invalid=\"false\" value=\"\" type=\"text\" name=\"herz\" \/><\/span><span class=\"beschr\">Hz<\/span>\n\t<\/p>\n\t<p class=\"bau_f\"><label>Espace disponible (si restreint) longueur, largeur, hauteur<\/label><span class=\"wpcf7-form-control-wrap\" data-name=\"l_m\"><input size=\"40\" maxlength=\"400\" class=\"wpcf7-form-control wpcf7-text\" aria-invalid=\"false\" value=\"\" type=\"text\" name=\"l_m\" \/><\/span><span class=\"beschr\">x<\/span><span class=\"wpcf7-form-control-wrap\" data-name=\"b_m\"><input size=\"40\" maxlength=\"400\" class=\"wpcf7-form-control wpcf7-text\" aria-invalid=\"false\" value=\"\" type=\"text\" name=\"b_m\" \/><\/span><span class=\"beschr\">x<\/span><span class=\"wpcf7-form-control-wrap\" data-name=\"h_m\"><input size=\"40\" maxlength=\"400\" class=\"wpcf7-form-control wpcf7-text\" aria-invalid=\"false\" value=\"\" type=\"text\" name=\"h_m\" \/><\/span><span class=\"beschr\">m<\/span>\n\t<\/p>\n\t<p class=\"rstd\"><label>Peinture des machines<\/label><span class=\"form_chekbox\"><span class=\"wpcf7-form-control-wrap\" data-name=\"reinartz-standart\"><span class=\"wpcf7-form-control wpcf7-checkbox\"><span class=\"wpcf7-list-item first last\"><input type=\"checkbox\" name=\"reinartz-standart[]\" value=\"couleur standard Reinartz\" \/><span class=\"wpcf7-list-item-label\">couleur standard Reinartz<\/span><\/span><\/span><\/span><\/span><span class=\"wpcf7-form-control-wrap\" data-name=\"ral\"><input size=\"40\" maxlength=\"400\" class=\"wpcf7-form-control wpcf7-text\" aria-invalid=\"false\" value=\"\" type=\"text\" name=\"ral\" \/><\/span><span class=\"beschr\">RAL<\/span>\n\t<\/p>\n\t<p><script>jQuery( document ).ready( function() {jQuery( 'input[type=\"text\"]' ).attr('required','\"\"');});<\/script>\n\t<\/p>\n\t<p class=\"form_radio\"><label>ATEX<\/label><span class=\"wpcf7-form-control-wrap\" data-name=\"atex\"><span class=\"wpcf7-form-control wpcf7-radio\"><span class=\"wpcf7-list-item first\"><input type=\"radio\" name=\"atex\" value=\"oui\" \/><span class=\"wpcf7-list-item-label\">oui<\/span><\/span><span class=\"wpcf7-list-item last\"><input type=\"radio\" name=\"atex\" value=\"non\" checked=\"checked\" \/><span class=\"wpcf7-list-item-label\">non<\/span><\/span><\/span><\/span>\n\t<\/p>\n\t<p><label>Autre<\/label><span class=\"wpcf7-form-control-wrap\" data-name=\"sonstiges\"><input size=\"40\" maxlength=\"400\" class=\"wpcf7-form-control wpcf7-text\" aria-invalid=\"false\" value=\"\" type=\"text\" name=\"sonstiges\" \/><\/span>\n\t<\/p>\n<\/div>\n<div class=\"form_k\" id=\"maschinenausfuehrung\">\n\t<h4>Ex\u00e9cution machine\n\t<\/h4>\n\t<p class=\"form_radio\"><label>Mat\u00e9riau t\u00f4les de protection<\/label><span class=\"wpcf7-form-control-wrap\" data-name=\"material_spritzblech\"><span class=\"wpcf7-form-control wpcf7-radio\"><span class=\"wpcf7-list-item first\"><input type=\"radio\" name=\"material_spritzblech\" value=\"acier\" checked=\"checked\" \/><span class=\"wpcf7-list-item-label\">acier<\/span><\/span><span class=\"wpcf7-list-item last\"><input type=\"radio\" name=\"material_spritzblech\" value=\"acier inoxydable\" \/><span class=\"wpcf7-list-item-label\">acier inoxydable<\/span><\/span><\/span><\/span>\n\t<\/p>\n\t<p class=\"form_radio\"><label>Mat\u00e9riau carter d'huile<\/label><span class=\"wpcf7-form-control-wrap\" data-name=\"material_oelwanne\"><span class=\"wpcf7-form-control wpcf7-radio\"><span class=\"wpcf7-list-item first\"><input type=\"radio\" name=\"material_oelwanne\" value=\"acier\" checked=\"checked\" \/><span class=\"wpcf7-list-item-label\">acier<\/span><\/span><span class=\"wpcf7-list-item last\"><input type=\"radio\" name=\"material_oelwanne\" value=\"acier inoxydable\" \/><span class=\"wpcf7-list-item-label\">acier inoxydable<\/span><\/span><\/span><\/span>\n\t<\/p>\n\t<p class=\"form_radio\"><label>Outils sp\u00e9ciaux<\/label><span class=\"wpcf7-form-control-wrap\" data-name=\"spezial_werkzeug\"><span class=\"wpcf7-form-control wpcf7-radio\"><span class=\"wpcf7-list-item first\"><input type=\"radio\" name=\"spezial_werkzeug\" value=\"oui\" \/><span class=\"wpcf7-list-item-label\">oui<\/span><\/span><span class=\"wpcf7-list-item last\"><input type=\"radio\" name=\"spezial_werkzeug\" value=\"non\" checked=\"checked\" \/><span class=\"wpcf7-list-item-label\">non<\/span><\/span><\/span><\/span>\n\t<\/p>\n\t<p class=\"form_radio\"><label>Variateur de fr\u00e9quence<\/label><span class=\"wpcf7-form-control-wrap\" data-name=\"frequenzumrichter\"><span class=\"wpcf7-form-control wpcf7-radio\"><span class=\"wpcf7-list-item first\"><input type=\"radio\" name=\"frequenzumrichter\" value=\"oui\" \/><span class=\"wpcf7-list-item-label\">oui<\/span><\/span><span class=\"wpcf7-list-item last\"><input type=\"radio\" name=\"frequenzumrichter\" value=\"non\" checked=\"checked\" \/><span class=\"wpcf7-list-item-label\">non<\/span><\/span><\/span><\/span>\n\t<\/p>\n\t<p class=\"form_radio\"><label>Armoire \u00e9lectrique<\/label><span class=\"wpcf7-form-control-wrap\" data-name=\"schaltschrank\"><span class=\"wpcf7-form-control wpcf7-radio\"><span class=\"wpcf7-list-item first\"><input type=\"radio\" name=\"schaltschrank\" value=\"oui\" \/><span class=\"wpcf7-list-item-label\">oui<\/span><\/span><span class=\"wpcf7-list-item last\"><input type=\"radio\" name=\"schaltschrank\" value=\"non\" checked=\"checked\" \/><span class=\"wpcf7-list-item-label\">non<\/span><\/span><\/span><\/span>\n\t<\/p>\n\t<p class=\"form_radio\"><label>Filtration<\/label><span class=\"wpcf7-form-control-wrap\" data-name=\"filtration\"><span class=\"wpcf7-form-control wpcf7-radio\"><span class=\"wpcf7-list-item first\"><input type=\"radio\" name=\"filtration\" value=\"oui\" \/><span class=\"wpcf7-list-item-label\">oui<\/span><\/span><span class=\"wpcf7-list-item last\"><input type=\"radio\" name=\"filtration\" value=\"non\" checked=\"checked\" \/><span class=\"wpcf7-list-item-label\">non<\/span><\/span><\/span><\/span>\n\t<\/p>\n<\/div>\n<div class=\"form_k\" id=\"bemerkungen\">\n\t<h4>INFORMATIONS COMPL\u00c9MENTAIRES\n\t<\/h4>\n\t<p><span class=\"wpcf7-form-control-wrap\" data-name=\"bemerkungen\"><textarea cols=\"40\" rows=\"10\" maxlength=\"2000\" class=\"wpcf7-form-control wpcf7-textarea\" aria-invalid=\"false\" name=\"bemerkungen\"><\/textarea><\/span>\n\t<\/p>\n\t<p class=\"dstz\"><span class=\"wpcf7-form-control-wrap\" data-name=\"datenschutzbestimmungen\"><span class=\"wpcf7-form-control wpcf7-acceptance\"><span class=\"wpcf7-list-item\"><label><input type=\"checkbox\" name=\"datenschutzbestimmungen\" value=\"1\" aria-invalid=\"false\" \/><span class=\"wpcf7-list-item-label\">Oui, j\u2019ai lu et accept\u00e9 la <a href=\"\/fr\/protection-des-donnees\/\" alt=\"Politique de protection des donn\u00e9es.\" title=\"Politique de protection des donn\u00e9es.\" target=\"_blank\">Politique de protection des donn\u00e9es<\/a>*.<\/span><\/label><\/span><\/span><\/span>\n\t<\/p>\n\t<p>[f12_captcha f12_captcha-263 captcha:image]\n\t<\/p>\n\t<p id=\"submit_ptn\"><input class=\"wpcf7-form-control wpcf7-submit has-spinner\" type=\"submit\" value=\"Envoyer demande\" \/>\n\t<\/p>\n\t<div class=\"pflicht_label\">\n\t\t<p>*Les champs obligatoires\n\t\t<\/p>\n\t<\/div>\n<\/div><div class=\"wpcf7-response-output\" aria-hidden=\"true\"><\/div>\n<\/form>\n<\/div>\n\n","protected":false},"excerpt":{"rendered":"","protected":false},"author":4,"featured_media":0,"parent":0,"menu_order":0,"comment_status":"closed","ping_status":"closed","template":"","meta":{"_acf_changed":false,"inline_featured_image":false,"footnotes":""},"class_list":["post-3684","page","type-page","status-publish","hentry"],"acf":[],"yoast_head":"<!-- This site is optimized with the Yoast SEO plugin v27.4 - https:\/\/yoast.com\/product\/yoast-seo-wordpress\/ -->\n<title>Formulaire de demande - Reinartz<\/title>\n<meta name=\"robots\" content=\"index, follow, max-snippet:-1, max-image-preview:large, max-video-preview:-1\" \/>\n<link rel=\"canonical\" href=\"https:\/\/www.reinartz.de\/fr\/formulaire-de-demande\/\" \/>\n<meta property=\"og:locale\" content=\"fr_FR\" \/>\n<meta property=\"og:type\" content=\"article\" \/>\n<meta property=\"og:title\" content=\"Formulaire de demande - Reinartz\" \/>\n<meta property=\"og:url\" content=\"https:\/\/www.reinartz.de\/fr\/formulaire-de-demande\/\" \/>\n<meta property=\"og:site_name\" content=\"Reinartz\" \/>\n<meta property=\"article:publisher\" content=\"https:\/\/www.facebook.com\/reinartzneuss\/\" \/>\n<meta property=\"article:modified_time\" content=\"2017-12-22T13:51:13+00:00\" \/>\n<script type=\"application\/ld+json\" class=\"yoast-schema-graph\">{\"@context\":\"https:\\\/\\\/schema.org\",\"@graph\":[{\"@type\":\"WebPage\",\"@id\":\"https:\\\/\\\/www.reinartz.de\\\/fr\\\/formulaire-de-demande\\\/\",\"url\":\"https:\\\/\\\/www.reinartz.de\\\/fr\\\/formulaire-de-demande\\\/\",\"name\":\"Formulaire de demande - Reinartz\",\"isPartOf\":{\"@id\":\"https:\\\/\\\/www.reinartz.de\\\/fr\\\/#website\"},\"datePublished\":\"2017-09-04T10:39:13+00:00\",\"dateModified\":\"2017-12-22T13:51:13+00:00\",\"breadcrumb\":{\"@id\":\"https:\\\/\\\/www.reinartz.de\\\/fr\\\/formulaire-de-demande\\\/#breadcrumb\"},\"inLanguage\":\"fr-FR\",\"potentialAction\":[{\"@type\":\"ReadAction\",\"target\":[\"https:\\\/\\\/www.reinartz.de\\\/fr\\\/formulaire-de-demande\\\/\"]}]},{\"@type\":\"BreadcrumbList\",\"@id\":\"https:\\\/\\\/www.reinartz.de\\\/fr\\\/formulaire-de-demande\\\/#breadcrumb\",\"itemListElement\":[{\"@type\":\"ListItem\",\"position\":1,\"name\":\"Home\",\"item\":\"https:\\\/\\\/www.reinartz.de\\\/fr\\\/\"},{\"@type\":\"ListItem\",\"position\":2,\"name\":\"Formulaire de demande\"}]},{\"@type\":\"WebSite\",\"@id\":\"https:\\\/\\\/www.reinartz.de\\\/fr\\\/#website\",\"url\":\"https:\\\/\\\/www.reinartz.de\\\/fr\\\/\",\"name\":\"Reinartz\",\"description\":\"Ihr spezialist  f\u00fcr Trennverfahren\",\"publisher\":{\"@id\":\"https:\\\/\\\/www.reinartz.de\\\/fr\\\/#organization\"},\"potentialAction\":[{\"@type\":\"SearchAction\",\"target\":{\"@type\":\"EntryPoint\",\"urlTemplate\":\"https:\\\/\\\/www.reinartz.de\\\/fr\\\/?s={search_term_string}\"},\"query-input\":{\"@type\":\"PropertyValueSpecification\",\"valueRequired\":true,\"valueName\":\"search_term_string\"}}],\"inLanguage\":\"fr-FR\"},{\"@type\":\"Organization\",\"@id\":\"https:\\\/\\\/www.reinartz.de\\\/fr\\\/#organization\",\"name\":\"Maschinenfabrik Reinartz GmbH & Co. KG\",\"url\":\"https:\\\/\\\/www.reinartz.de\\\/fr\\\/\",\"logo\":{\"@type\":\"ImageObject\",\"inLanguage\":\"fr-FR\",\"@id\":\"https:\\\/\\\/www.reinartz.de\\\/fr\\\/#\\\/schema\\\/logo\\\/image\\\/\",\"url\":\"https:\\\/\\\/www.reinartz.de\\\/wp-content\\\/uploads\\\/reinartz-logo.svg\",\"contentUrl\":\"https:\\\/\\\/www.reinartz.de\\\/wp-content\\\/uploads\\\/reinartz-logo.svg\",\"width\":1,\"height\":1,\"caption\":\"Maschinenfabrik Reinartz GmbH & Co. KG\"},\"image\":{\"@id\":\"https:\\\/\\\/www.reinartz.de\\\/fr\\\/#\\\/schema\\\/logo\\\/image\\\/\"},\"sameAs\":[\"https:\\\/\\\/www.facebook.com\\\/reinartzneuss\\\/\",\"https:\\\/\\\/www.instagram.com\\\/reinartzneuss\\\/?igshid=o5j2mix70syj\",\"https:\\\/\\\/www.youtube.com\\\/channel\\\/UCwFhOGzeYs1KRgx2nwWVHxg\",\"https:\\\/\\\/www.linkedin.com\\\/company\\\/reinartz\"]}]}<\/script>\n<!-- \/ Yoast SEO plugin. -->","yoast_head_json":{"title":"Formulaire de demande - Reinartz","robots":{"index":"index","follow":"follow","max-snippet":"max-snippet:-1","max-image-preview":"max-image-preview:large","max-video-preview":"max-video-preview:-1"},"canonical":"https:\/\/www.reinartz.de\/fr\/formulaire-de-demande\/","og_locale":"fr_FR","og_type":"article","og_title":"Formulaire de demande - Reinartz","og_url":"https:\/\/www.reinartz.de\/fr\/formulaire-de-demande\/","og_site_name":"Reinartz","article_publisher":"https:\/\/www.facebook.com\/reinartzneuss\/","article_modified_time":"2017-12-22T13:51:13+00:00","schema":{"@context":"https:\/\/schema.org","@graph":[{"@type":"WebPage","@id":"https:\/\/www.reinartz.de\/fr\/formulaire-de-demande\/","url":"https:\/\/www.reinartz.de\/fr\/formulaire-de-demande\/","name":"Formulaire de demande - Reinartz","isPartOf":{"@id":"https:\/\/www.reinartz.de\/fr\/#website"},"datePublished":"2017-09-04T10:39:13+00:00","dateModified":"2017-12-22T13:51:13+00:00","breadcrumb":{"@id":"https:\/\/www.reinartz.de\/fr\/formulaire-de-demande\/#breadcrumb"},"inLanguage":"fr-FR","potentialAction":[{"@type":"ReadAction","target":["https:\/\/www.reinartz.de\/fr\/formulaire-de-demande\/"]}]},{"@type":"BreadcrumbList","@id":"https:\/\/www.reinartz.de\/fr\/formulaire-de-demande\/#breadcrumb","itemListElement":[{"@type":"ListItem","position":1,"name":"Home","item":"https:\/\/www.reinartz.de\/fr\/"},{"@type":"ListItem","position":2,"name":"Formulaire de demande"}]},{"@type":"WebSite","@id":"https:\/\/www.reinartz.de\/fr\/#website","url":"https:\/\/www.reinartz.de\/fr\/","name":"Reinartz","description":"Ihr spezialist  f\u00fcr Trennverfahren","publisher":{"@id":"https:\/\/www.reinartz.de\/fr\/#organization"},"potentialAction":[{"@type":"SearchAction","target":{"@type":"EntryPoint","urlTemplate":"https:\/\/www.reinartz.de\/fr\/?s={search_term_string}"},"query-input":{"@type":"PropertyValueSpecification","valueRequired":true,"valueName":"search_term_string"}}],"inLanguage":"fr-FR"},{"@type":"Organization","@id":"https:\/\/www.reinartz.de\/fr\/#organization","name":"Maschinenfabrik Reinartz GmbH & Co. KG","url":"https:\/\/www.reinartz.de\/fr\/","logo":{"@type":"ImageObject","inLanguage":"fr-FR","@id":"https:\/\/www.reinartz.de\/fr\/#\/schema\/logo\/image\/","url":"https:\/\/www.reinartz.de\/wp-content\/uploads\/reinartz-logo.svg","contentUrl":"https:\/\/www.reinartz.de\/wp-content\/uploads\/reinartz-logo.svg","width":1,"height":1,"caption":"Maschinenfabrik Reinartz GmbH & Co. KG"},"image":{"@id":"https:\/\/www.reinartz.de\/fr\/#\/schema\/logo\/image\/"},"sameAs":["https:\/\/www.facebook.com\/reinartzneuss\/","https:\/\/www.instagram.com\/reinartzneuss\/?igshid=o5j2mix70syj","https:\/\/www.youtube.com\/channel\/UCwFhOGzeYs1KRgx2nwWVHxg","https:\/\/www.linkedin.com\/company\/reinartz"]}]}},"_links":{"self":[{"href":"https:\/\/www.reinartz.de\/fr\/wp-json\/wp\/v2\/pages\/3684","targetHints":{"allow":["GET"]}}],"collection":[{"href":"https:\/\/www.reinartz.de\/fr\/wp-json\/wp\/v2\/pages"}],"about":[{"href":"https:\/\/www.reinartz.de\/fr\/wp-json\/wp\/v2\/types\/page"}],"author":[{"embeddable":true,"href":"https:\/\/www.reinartz.de\/fr\/wp-json\/wp\/v2\/users\/4"}],"replies":[{"embeddable":true,"href":"https:\/\/www.reinartz.de\/fr\/wp-json\/wp\/v2\/comments?post=3684"}],"version-history":[{"count":0,"href":"https:\/\/www.reinartz.de\/fr\/wp-json\/wp\/v2\/pages\/3684\/revisions"}],"wp:attachment":[{"href":"https:\/\/www.reinartz.de\/fr\/wp-json\/wp\/v2\/media?parent=3684"}],"curies":[{"name":"wp","href":"https:\/\/api.w.org\/{rel}","templated":true}]}}