
{"id":3927,"date":"2017-09-21T09:45:51","date_gmt":"2017-09-21T07:45:51","guid":{"rendered":"https:\/\/www.reinartz.de\/fr\/?page_id=3927"},"modified":"2018-01-03T07:13:35","modified_gmt":"2018-01-03T06:13:35","slug":"securise-stocke-stockage-dhuile-propre","status":"publish","type":"page","link":"https:\/\/www.reinartz.de\/fr\/securise-stocke-stockage-dhuile-propre\/","title":{"rendered":"S\u00e9curis\u00e9 Stock\u00e9 : Stockage d\u2019huile propre"},"content":{"rendered":"<div class=\"column-group columns-2\"><br \/>\n<div class=\"column column-number-1 column-span-1\"><p>\nPour le stockage s\u00e9curis\u00e9 de votre huile pure de haute qualit\u00e9 nous proposons des syst\u00e8mes de stockage complets.<br \/>\nLes cuves robustes en acier inoxydable de haute qualit\u00e9 peuvent \u00eatre install\u00e9es en surface et permettent un stockage frais et \u00e0 l\u2019abri de la lumi\u00e8re.<br \/>\nLes cuves \u00e0 simple ou double paroi parfaitement \u00e9tanches prot\u00e8gent contre une entr\u00e9e d\u2019eau. Elles sont compl\u00e8tement inoxydables et garantissent, gr\u00e2ce \u00e0 notre dispositif de nettoyage qui permet un nettoyage s\u00e9curis\u00e9 et sans r\u00e9sidus, un stockage hygi\u00e9nique.<\/p>\n<\/div><br \/>\n<div class=\"column column-number-2 last column-span-1\"><p>Un syst\u00e8me de refroidissement avec contr\u00f4le de temp\u00e9rature int\u00e9gr\u00e9 ainsi que purge \u00e9vit\u00e9 une formation de condensation et augmente la long\u00e9vit\u00e9 de votre huile.<br \/>\nLes cuves ont une capacit\u00e9 de r\u00e9ception jusqu\u2019\u00e0 40.000 litres et r\u00e9pondent aux exigences \u00e9lev\u00e9es des normes alimentaires.<br \/>\nSur demande l\u2019int\u00e9gralit\u00e9 du stockage d\u2019huile peut \u00eatre automatis\u00e9 et int\u00e9gr\u00e9 dans des syst\u00e8mes de pilotage existants.<br \/>\nDes fabrications individuelles sur mesure ne sont aucun probl\u00e8me pour nous \u2013 soumettez-nous votre demande.<\/p>\n<\/div><br \/>\n<\/div>\n","protected":false},"excerpt":{"rendered":"","protected":false},"author":4,"featured_media":0,"parent":0,"menu_order":0,"comment_status":"closed","ping_status":"closed","template":"page-products.php","meta":{"_acf_changed":false,"inline_featured_image":false,"footnotes":""},"class_list":["post-3927","page","type-page","status-publish","hentry"],"acf":[],"yoast_head":"<!-- This site is optimized with the Yoast SEO plugin v27.4 - https:\/\/yoast.com\/product\/yoast-seo-wordpress\/ -->\n<title>S\u00e9curis\u00e9 Stock\u00e9 : Stockage d\u2019huile propre - Reinartz<\/title>\n<meta name=\"robots\" content=\"index, follow, max-snippet:-1, max-image-preview:large, max-video-preview:-1\" \/>\n<link rel=\"canonical\" href=\"https:\/\/www.reinartz.de\/fr\/securise-stocke-stockage-dhuile-propre\/\" \/>\n<meta property=\"og:locale\" content=\"fr_FR\" \/>\n<meta property=\"og:type\" content=\"article\" \/>\n<meta property=\"og:title\" content=\"S\u00e9curis\u00e9 Stock\u00e9 : Stockage d\u2019huile propre - Reinartz\" \/>\n<meta property=\"og:url\" content=\"https:\/\/www.reinartz.de\/fr\/securise-stocke-stockage-dhuile-propre\/\" \/>\n<meta property=\"og:site_name\" content=\"Reinartz\" \/>\n<meta property=\"article:publisher\" content=\"https:\/\/www.facebook.com\/reinartzneuss\/\" \/>\n<meta property=\"article:modified_time\" content=\"2018-01-03T06:13:35+00:00\" \/>\n<script type=\"application\/ld+json\" class=\"yoast-schema-graph\">{\"@context\":\"https:\\\/\\\/schema.org\",\"@graph\":[{\"@type\":\"WebPage\",\"@id\":\"https:\\\/\\\/www.reinartz.de\\\/fr\\\/securise-stocke-stockage-dhuile-propre\\\/\",\"url\":\"https:\\\/\\\/www.reinartz.de\\\/fr\\\/securise-stocke-stockage-dhuile-propre\\\/\",\"name\":\"S\u00e9curis\u00e9 Stock\u00e9 : Stockage d\u2019huile propre - Reinartz\",\"isPartOf\":{\"@id\":\"https:\\\/\\\/www.reinartz.de\\\/fr\\\/#website\"},\"datePublished\":\"2017-09-21T07:45:51+00:00\",\"dateModified\":\"2018-01-03T06:13:35+00:00\",\"breadcrumb\":{\"@id\":\"https:\\\/\\\/www.reinartz.de\\\/fr\\\/securise-stocke-stockage-dhuile-propre\\\/#breadcrumb\"},\"inLanguage\":\"fr-FR\",\"potentialAction\":[{\"@type\":\"ReadAction\",\"target\":[\"https:\\\/\\\/www.reinartz.de\\\/fr\\\/securise-stocke-stockage-dhuile-propre\\\/\"]}]},{\"@type\":\"BreadcrumbList\",\"@id\":\"https:\\\/\\\/www.reinartz.de\\\/fr\\\/securise-stocke-stockage-dhuile-propre\\\/#breadcrumb\",\"itemListElement\":[{\"@type\":\"ListItem\",\"position\":1,\"name\":\"Home\",\"item\":\"https:\\\/\\\/www.reinartz.de\\\/fr\\\/\"},{\"@type\":\"ListItem\",\"position\":2,\"name\":\"S\u00e9curis\u00e9 Stock\u00e9 : Stockage d\u2019huile propre\"}]},{\"@type\":\"WebSite\",\"@id\":\"https:\\\/\\\/www.reinartz.de\\\/fr\\\/#website\",\"url\":\"https:\\\/\\\/www.reinartz.de\\\/fr\\\/\",\"name\":\"Reinartz\",\"description\":\"Ihr spezialist  f\u00fcr Trennverfahren\",\"publisher\":{\"@id\":\"https:\\\/\\\/www.reinartz.de\\\/fr\\\/#organization\"},\"potentialAction\":[{\"@type\":\"SearchAction\",\"target\":{\"@type\":\"EntryPoint\",\"urlTemplate\":\"https:\\\/\\\/www.reinartz.de\\\/fr\\\/?s={search_term_string}\"},\"query-input\":{\"@type\":\"PropertyValueSpecification\",\"valueRequired\":true,\"valueName\":\"search_term_string\"}}],\"inLanguage\":\"fr-FR\"},{\"@type\":\"Organization\",\"@id\":\"https:\\\/\\\/www.reinartz.de\\\/fr\\\/#organization\",\"name\":\"Maschinenfabrik Reinartz GmbH & Co. KG\",\"url\":\"https:\\\/\\\/www.reinartz.de\\\/fr\\\/\",\"logo\":{\"@type\":\"ImageObject\",\"inLanguage\":\"fr-FR\",\"@id\":\"https:\\\/\\\/www.reinartz.de\\\/fr\\\/#\\\/schema\\\/logo\\\/image\\\/\",\"url\":\"https:\\\/\\\/www.reinartz.de\\\/wp-content\\\/uploads\\\/reinartz-logo.svg\",\"contentUrl\":\"https:\\\/\\\/www.reinartz.de\\\/wp-content\\\/uploads\\\/reinartz-logo.svg\",\"width\":1,\"height\":1,\"caption\":\"Maschinenfabrik Reinartz GmbH & Co. KG\"},\"image\":{\"@id\":\"https:\\\/\\\/www.reinartz.de\\\/fr\\\/#\\\/schema\\\/logo\\\/image\\\/\"},\"sameAs\":[\"https:\\\/\\\/www.facebook.com\\\/reinartzneuss\\\/\",\"https:\\\/\\\/www.instagram.com\\\/reinartzneuss\\\/?igshid=o5j2mix70syj\",\"https:\\\/\\\/www.youtube.com\\\/channel\\\/UCwFhOGzeYs1KRgx2nwWVHxg\",\"https:\\\/\\\/www.linkedin.com\\\/company\\\/reinartz\"]}]}<\/script>\n<!-- \/ Yoast SEO plugin. -->","yoast_head_json":{"title":"S\u00e9curis\u00e9 Stock\u00e9 : Stockage d\u2019huile propre - Reinartz","robots":{"index":"index","follow":"follow","max-snippet":"max-snippet:-1","max-image-preview":"max-image-preview:large","max-video-preview":"max-video-preview:-1"},"canonical":"https:\/\/www.reinartz.de\/fr\/securise-stocke-stockage-dhuile-propre\/","og_locale":"fr_FR","og_type":"article","og_title":"S\u00e9curis\u00e9 Stock\u00e9 : Stockage d\u2019huile propre - Reinartz","og_url":"https:\/\/www.reinartz.de\/fr\/securise-stocke-stockage-dhuile-propre\/","og_site_name":"Reinartz","article_publisher":"https:\/\/www.facebook.com\/reinartzneuss\/","article_modified_time":"2018-01-03T06:13:35+00:00","schema":{"@context":"https:\/\/schema.org","@graph":[{"@type":"WebPage","@id":"https:\/\/www.reinartz.de\/fr\/securise-stocke-stockage-dhuile-propre\/","url":"https:\/\/www.reinartz.de\/fr\/securise-stocke-stockage-dhuile-propre\/","name":"S\u00e9curis\u00e9 Stock\u00e9 : Stockage d\u2019huile propre - Reinartz","isPartOf":{"@id":"https:\/\/www.reinartz.de\/fr\/#website"},"datePublished":"2017-09-21T07:45:51+00:00","dateModified":"2018-01-03T06:13:35+00:00","breadcrumb":{"@id":"https:\/\/www.reinartz.de\/fr\/securise-stocke-stockage-dhuile-propre\/#breadcrumb"},"inLanguage":"fr-FR","potentialAction":[{"@type":"ReadAction","target":["https:\/\/www.reinartz.de\/fr\/securise-stocke-stockage-dhuile-propre\/"]}]},{"@type":"BreadcrumbList","@id":"https:\/\/www.reinartz.de\/fr\/securise-stocke-stockage-dhuile-propre\/#breadcrumb","itemListElement":[{"@type":"ListItem","position":1,"name":"Home","item":"https:\/\/www.reinartz.de\/fr\/"},{"@type":"ListItem","position":2,"name":"S\u00e9curis\u00e9 Stock\u00e9 : Stockage d\u2019huile propre"}]},{"@type":"WebSite","@id":"https:\/\/www.reinartz.de\/fr\/#website","url":"https:\/\/www.reinartz.de\/fr\/","name":"Reinartz","description":"Ihr spezialist  f\u00fcr Trennverfahren","publisher":{"@id":"https:\/\/www.reinartz.de\/fr\/#organization"},"potentialAction":[{"@type":"SearchAction","target":{"@type":"EntryPoint","urlTemplate":"https:\/\/www.reinartz.de\/fr\/?s={search_term_string}"},"query-input":{"@type":"PropertyValueSpecification","valueRequired":true,"valueName":"search_term_string"}}],"inLanguage":"fr-FR"},{"@type":"Organization","@id":"https:\/\/www.reinartz.de\/fr\/#organization","name":"Maschinenfabrik Reinartz GmbH & Co. KG","url":"https:\/\/www.reinartz.de\/fr\/","logo":{"@type":"ImageObject","inLanguage":"fr-FR","@id":"https:\/\/www.reinartz.de\/fr\/#\/schema\/logo\/image\/","url":"https:\/\/www.reinartz.de\/wp-content\/uploads\/reinartz-logo.svg","contentUrl":"https:\/\/www.reinartz.de\/wp-content\/uploads\/reinartz-logo.svg","width":1,"height":1,"caption":"Maschinenfabrik Reinartz GmbH & Co. KG"},"image":{"@id":"https:\/\/www.reinartz.de\/fr\/#\/schema\/logo\/image\/"},"sameAs":["https:\/\/www.facebook.com\/reinartzneuss\/","https:\/\/www.instagram.com\/reinartzneuss\/?igshid=o5j2mix70syj","https:\/\/www.youtube.com\/channel\/UCwFhOGzeYs1KRgx2nwWVHxg","https:\/\/www.linkedin.com\/company\/reinartz"]}]}},"_links":{"self":[{"href":"https:\/\/www.reinartz.de\/fr\/wp-json\/wp\/v2\/pages\/3927","targetHints":{"allow":["GET"]}}],"collection":[{"href":"https:\/\/www.reinartz.de\/fr\/wp-json\/wp\/v2\/pages"}],"about":[{"href":"https:\/\/www.reinartz.de\/fr\/wp-json\/wp\/v2\/types\/page"}],"author":[{"embeddable":true,"href":"https:\/\/www.reinartz.de\/fr\/wp-json\/wp\/v2\/users\/4"}],"replies":[{"embeddable":true,"href":"https:\/\/www.reinartz.de\/fr\/wp-json\/wp\/v2\/comments?post=3927"}],"version-history":[{"count":0,"href":"https:\/\/www.reinartz.de\/fr\/wp-json\/wp\/v2\/pages\/3927\/revisions"}],"wp:attachment":[{"href":"https:\/\/www.reinartz.de\/fr\/wp-json\/wp\/v2\/media?parent=3927"}],"curies":[{"name":"wp","href":"https:\/\/api.w.org\/{rel}","templated":true}]}}