
{"id":5314,"date":"2018-06-18T14:37:47","date_gmt":"2018-06-18T12:37:47","guid":{"rendered":"https:\/\/www.reinartz.de\/?page_id=5314"},"modified":"2020-07-07T13:02:05","modified_gmt":"2020-07-07T11:02:05","slug":"location","status":"publish","type":"page","link":"https:\/\/www.reinartz.de\/fr\/location\/","title":{"rendered":"LA MEILLEURE PRESSE POUR VOTRE PROJET"},"content":{"rendered":"<div class=\"column-group columns-1\"><br \/>\n<div class=\"column column-number-1 last column-span-1\"><\/p>\n<p>Nous sommes aux c\u00f4t\u00e9s de nos clients et connaissons, gr\u00e2ce \u00e0 notre exp\u00e9rience, tous les param\u00e8tres qui doivent \u00eatre install\u00e9s et parfaitement r\u00e9gl\u00e9s dans un projet. Il existe \u00e9galement des possibilit\u00e9s d&rsquo;extension des syst\u00e8mes existants. Toutefois, si un projet exige la plus grande flexibilit\u00e9 possible, nous proposons \u00e0 nos clients la possibilit\u00e9 de louer des installations. A partir d&rsquo;une dur\u00e9e de trois mois et selon les disponibilit\u00e9s, nos mod\u00e8les de l&rsquo;AP 08 jusqu&rsquo;\u00e0 l&rsquo;AP 15 peuvent \u00eatre choisis en location. Sur accord la location-vente est \u00e9galement possible.<\/p>\n<p><strong>Vos avantages en un clin d&rsquo;\u0153il :<\/strong><\/p>\n<ul>\n<li>Utilisation sur le site pour des tests plus importants<\/li>\n<li>Possibilit\u00e9 de tester le fonctionnement de la presse en cours de la production avant l&rsquo;achat<\/li>\n<li>Pas d&rsquo;investissement \u00e9lev\u00e9 pour un besoin temporaire<\/li>\n<li>Pour combler les goulets d&rsquo;\u00e9tranglement<\/li>\n<li>Couverture d&rsquo;une demande saisonni\u00e8re<\/li>\n<\/ul>\n<p>\n<\/div><br \/>\n<\/div>\n","protected":false},"excerpt":{"rendered":"","protected":false},"author":2,"featured_media":6284,"parent":0,"menu_order":0,"comment_status":"closed","ping_status":"closed","template":"","meta":{"_acf_changed":false,"inline_featured_image":false,"footnotes":""},"class_list":["post-5314","page","type-page","status-publish","has-post-thumbnail","hentry"],"acf":[],"yoast_head":"<!-- This site is optimized with the Yoast SEO plugin v27.4 - https:\/\/yoast.com\/product\/yoast-seo-wordpress\/ -->\n<title>LA MEILLEURE PRESSE POUR VOTRE PROJET - Reinartz<\/title>\n<meta name=\"robots\" content=\"index, follow, max-snippet:-1, max-image-preview:large, max-video-preview:-1\" \/>\n<link rel=\"canonical\" href=\"https:\/\/www.reinartz.de\/fr\/location\/\" \/>\n<meta property=\"og:locale\" content=\"fr_FR\" \/>\n<meta property=\"og:type\" content=\"article\" \/>\n<meta property=\"og:title\" content=\"LA MEILLEURE PRESSE POUR VOTRE PROJET - Reinartz\" \/>\n<meta property=\"og:url\" content=\"https:\/\/www.reinartz.de\/fr\/location\/\" \/>\n<meta property=\"og:site_name\" content=\"Reinartz\" \/>\n<meta property=\"article:publisher\" content=\"https:\/\/www.facebook.com\/reinartzneuss\/\" \/>\n<meta property=\"article:modified_time\" content=\"2020-07-07T11:02:05+00:00\" \/>\n<meta property=\"og:image\" content=\"https:\/\/www.reinartz.de\/wp-content\/uploads\/2016\/03\/Jobs_I3B9114-1920x700_2.jpg\" \/>\n\t<meta property=\"og:image:width\" content=\"1920\" \/>\n\t<meta property=\"og:image:height\" content=\"700\" \/>\n\t<meta property=\"og:image:type\" content=\"image\/jpeg\" \/>\n<script type=\"application\/ld+json\" class=\"yoast-schema-graph\">{\"@context\":\"https:\\\/\\\/schema.org\",\"@graph\":[{\"@type\":\"WebPage\",\"@id\":\"https:\\\/\\\/www.reinartz.de\\\/fr\\\/location\\\/\",\"url\":\"https:\\\/\\\/www.reinartz.de\\\/fr\\\/location\\\/\",\"name\":\"LA MEILLEURE PRESSE POUR VOTRE PROJET - Reinartz\",\"isPartOf\":{\"@id\":\"https:\\\/\\\/www.reinartz.de\\\/fr\\\/#website\"},\"primaryImageOfPage\":{\"@id\":\"https:\\\/\\\/www.reinartz.de\\\/fr\\\/location\\\/#primaryimage\"},\"image\":{\"@id\":\"https:\\\/\\\/www.reinartz.de\\\/fr\\\/location\\\/#primaryimage\"},\"thumbnailUrl\":\"https:\\\/\\\/www.reinartz.de\\\/wp-content\\\/uploads\\\/2016\\\/03\\\/Jobs_I3B9114-1920x700_2.jpg\",\"datePublished\":\"2018-06-18T12:37:47+00:00\",\"dateModified\":\"2020-07-07T11:02:05+00:00\",\"breadcrumb\":{\"@id\":\"https:\\\/\\\/www.reinartz.de\\\/fr\\\/location\\\/#breadcrumb\"},\"inLanguage\":\"fr-FR\",\"potentialAction\":[{\"@type\":\"ReadAction\",\"target\":[\"https:\\\/\\\/www.reinartz.de\\\/fr\\\/location\\\/\"]}]},{\"@type\":\"ImageObject\",\"inLanguage\":\"fr-FR\",\"@id\":\"https:\\\/\\\/www.reinartz.de\\\/fr\\\/location\\\/#primaryimage\",\"url\":\"https:\\\/\\\/www.reinartz.de\\\/wp-content\\\/uploads\\\/2016\\\/03\\\/Jobs_I3B9114-1920x700_2.jpg\",\"contentUrl\":\"https:\\\/\\\/www.reinartz.de\\\/wp-content\\\/uploads\\\/2016\\\/03\\\/Jobs_I3B9114-1920x700_2.jpg\",\"width\":1920,\"height\":700,\"caption\":\"Produktion einer Schneckenpresse Typ AP f\u00fcr Pflanzen\u00f6l\"},{\"@type\":\"BreadcrumbList\",\"@id\":\"https:\\\/\\\/www.reinartz.de\\\/fr\\\/location\\\/#breadcrumb\",\"itemListElement\":[{\"@type\":\"ListItem\",\"position\":1,\"name\":\"Home\",\"item\":\"https:\\\/\\\/www.reinartz.de\\\/fr\\\/\"},{\"@type\":\"ListItem\",\"position\":2,\"name\":\"LA MEILLEURE PRESSE POUR VOTRE PROJET\"}]},{\"@type\":\"WebSite\",\"@id\":\"https:\\\/\\\/www.reinartz.de\\\/fr\\\/#website\",\"url\":\"https:\\\/\\\/www.reinartz.de\\\/fr\\\/\",\"name\":\"Reinartz\",\"description\":\"Ihr spezialist  f\u00fcr Trennverfahren\",\"publisher\":{\"@id\":\"https:\\\/\\\/www.reinartz.de\\\/fr\\\/#organization\"},\"potentialAction\":[{\"@type\":\"SearchAction\",\"target\":{\"@type\":\"EntryPoint\",\"urlTemplate\":\"https:\\\/\\\/www.reinartz.de\\\/fr\\\/?s={search_term_string}\"},\"query-input\":{\"@type\":\"PropertyValueSpecification\",\"valueRequired\":true,\"valueName\":\"search_term_string\"}}],\"inLanguage\":\"fr-FR\"},{\"@type\":\"Organization\",\"@id\":\"https:\\\/\\\/www.reinartz.de\\\/fr\\\/#organization\",\"name\":\"Maschinenfabrik Reinartz GmbH & Co. KG\",\"url\":\"https:\\\/\\\/www.reinartz.de\\\/fr\\\/\",\"logo\":{\"@type\":\"ImageObject\",\"inLanguage\":\"fr-FR\",\"@id\":\"https:\\\/\\\/www.reinartz.de\\\/fr\\\/#\\\/schema\\\/logo\\\/image\\\/\",\"url\":\"https:\\\/\\\/www.reinartz.de\\\/wp-content\\\/uploads\\\/reinartz-logo.svg\",\"contentUrl\":\"https:\\\/\\\/www.reinartz.de\\\/wp-content\\\/uploads\\\/reinartz-logo.svg\",\"width\":1,\"height\":1,\"caption\":\"Maschinenfabrik Reinartz GmbH & Co. KG\"},\"image\":{\"@id\":\"https:\\\/\\\/www.reinartz.de\\\/fr\\\/#\\\/schema\\\/logo\\\/image\\\/\"},\"sameAs\":[\"https:\\\/\\\/www.facebook.com\\\/reinartzneuss\\\/\",\"https:\\\/\\\/www.instagram.com\\\/reinartzneuss\\\/?igshid=o5j2mix70syj\",\"https:\\\/\\\/www.youtube.com\\\/channel\\\/UCwFhOGzeYs1KRgx2nwWVHxg\",\"https:\\\/\\\/www.linkedin.com\\\/company\\\/reinartz\"]}]}<\/script>\n<!-- \/ Yoast SEO plugin. -->","yoast_head_json":{"title":"LA MEILLEURE PRESSE POUR VOTRE PROJET - Reinartz","robots":{"index":"index","follow":"follow","max-snippet":"max-snippet:-1","max-image-preview":"max-image-preview:large","max-video-preview":"max-video-preview:-1"},"canonical":"https:\/\/www.reinartz.de\/fr\/location\/","og_locale":"fr_FR","og_type":"article","og_title":"LA MEILLEURE PRESSE POUR VOTRE PROJET - Reinartz","og_url":"https:\/\/www.reinartz.de\/fr\/location\/","og_site_name":"Reinartz","article_publisher":"https:\/\/www.facebook.com\/reinartzneuss\/","article_modified_time":"2020-07-07T11:02:05+00:00","og_image":[{"width":1920,"height":700,"url":"https:\/\/www.reinartz.de\/wp-content\/uploads\/2016\/03\/Jobs_I3B9114-1920x700_2.jpg","type":"image\/jpeg"}],"schema":{"@context":"https:\/\/schema.org","@graph":[{"@type":"WebPage","@id":"https:\/\/www.reinartz.de\/fr\/location\/","url":"https:\/\/www.reinartz.de\/fr\/location\/","name":"LA MEILLEURE PRESSE POUR VOTRE PROJET - Reinartz","isPartOf":{"@id":"https:\/\/www.reinartz.de\/fr\/#website"},"primaryImageOfPage":{"@id":"https:\/\/www.reinartz.de\/fr\/location\/#primaryimage"},"image":{"@id":"https:\/\/www.reinartz.de\/fr\/location\/#primaryimage"},"thumbnailUrl":"https:\/\/www.reinartz.de\/wp-content\/uploads\/2016\/03\/Jobs_I3B9114-1920x700_2.jpg","datePublished":"2018-06-18T12:37:47+00:00","dateModified":"2020-07-07T11:02:05+00:00","breadcrumb":{"@id":"https:\/\/www.reinartz.de\/fr\/location\/#breadcrumb"},"inLanguage":"fr-FR","potentialAction":[{"@type":"ReadAction","target":["https:\/\/www.reinartz.de\/fr\/location\/"]}]},{"@type":"ImageObject","inLanguage":"fr-FR","@id":"https:\/\/www.reinartz.de\/fr\/location\/#primaryimage","url":"https:\/\/www.reinartz.de\/wp-content\/uploads\/2016\/03\/Jobs_I3B9114-1920x700_2.jpg","contentUrl":"https:\/\/www.reinartz.de\/wp-content\/uploads\/2016\/03\/Jobs_I3B9114-1920x700_2.jpg","width":1920,"height":700,"caption":"Produktion einer Schneckenpresse Typ AP f\u00fcr Pflanzen\u00f6l"},{"@type":"BreadcrumbList","@id":"https:\/\/www.reinartz.de\/fr\/location\/#breadcrumb","itemListElement":[{"@type":"ListItem","position":1,"name":"Home","item":"https:\/\/www.reinartz.de\/fr\/"},{"@type":"ListItem","position":2,"name":"LA MEILLEURE PRESSE POUR VOTRE PROJET"}]},{"@type":"WebSite","@id":"https:\/\/www.reinartz.de\/fr\/#website","url":"https:\/\/www.reinartz.de\/fr\/","name":"Reinartz","description":"Ihr spezialist  f\u00fcr Trennverfahren","publisher":{"@id":"https:\/\/www.reinartz.de\/fr\/#organization"},"potentialAction":[{"@type":"SearchAction","target":{"@type":"EntryPoint","urlTemplate":"https:\/\/www.reinartz.de\/fr\/?s={search_term_string}"},"query-input":{"@type":"PropertyValueSpecification","valueRequired":true,"valueName":"search_term_string"}}],"inLanguage":"fr-FR"},{"@type":"Organization","@id":"https:\/\/www.reinartz.de\/fr\/#organization","name":"Maschinenfabrik Reinartz GmbH & Co. KG","url":"https:\/\/www.reinartz.de\/fr\/","logo":{"@type":"ImageObject","inLanguage":"fr-FR","@id":"https:\/\/www.reinartz.de\/fr\/#\/schema\/logo\/image\/","url":"https:\/\/www.reinartz.de\/wp-content\/uploads\/reinartz-logo.svg","contentUrl":"https:\/\/www.reinartz.de\/wp-content\/uploads\/reinartz-logo.svg","width":1,"height":1,"caption":"Maschinenfabrik Reinartz GmbH & Co. KG"},"image":{"@id":"https:\/\/www.reinartz.de\/fr\/#\/schema\/logo\/image\/"},"sameAs":["https:\/\/www.facebook.com\/reinartzneuss\/","https:\/\/www.instagram.com\/reinartzneuss\/?igshid=o5j2mix70syj","https:\/\/www.youtube.com\/channel\/UCwFhOGzeYs1KRgx2nwWVHxg","https:\/\/www.linkedin.com\/company\/reinartz"]}]}},"_links":{"self":[{"href":"https:\/\/www.reinartz.de\/fr\/wp-json\/wp\/v2\/pages\/5314","targetHints":{"allow":["GET"]}}],"collection":[{"href":"https:\/\/www.reinartz.de\/fr\/wp-json\/wp\/v2\/pages"}],"about":[{"href":"https:\/\/www.reinartz.de\/fr\/wp-json\/wp\/v2\/types\/page"}],"author":[{"embeddable":true,"href":"https:\/\/www.reinartz.de\/fr\/wp-json\/wp\/v2\/users\/2"}],"replies":[{"embeddable":true,"href":"https:\/\/www.reinartz.de\/fr\/wp-json\/wp\/v2\/comments?post=5314"}],"version-history":[{"count":0,"href":"https:\/\/www.reinartz.de\/fr\/wp-json\/wp\/v2\/pages\/5314\/revisions"}],"wp:featuredmedia":[{"embeddable":true,"href":"https:\/\/www.reinartz.de\/fr\/wp-json\/wp\/v2\/media\/6284"}],"wp:attachment":[{"href":"https:\/\/www.reinartz.de\/fr\/wp-json\/wp\/v2\/media?parent=5314"}],"curies":[{"name":"wp","href":"https:\/\/api.w.org\/{rel}","templated":true}]}}