
{"id":5349,"date":"2018-06-18T14:39:27","date_gmt":"2018-06-18T12:39:27","guid":{"rendered":"https:\/\/www.reinartz.de\/?page_id=5349"},"modified":"2019-09-05T15:27:08","modified_gmt":"2019-09-05T13:27:08","slug":"laboratoire-dessais","status":"publish","type":"page","link":"https:\/\/www.reinartz.de\/fr\/laboratoire-dessais\/","title":{"rendered":"Eprouv\u00e9s: pressages d\u2019essai"},"content":{"rendered":"<p>Mettez la th\u00e9orie en pratique.\u00a0Faites r\u00e9aliser chez nous un pressage d\u2019essai r\u00e9pondant sp\u00e9cifiquement \u00e0 vos besoins.<\/p>\n<p>Vous avez ainsi la possibilit\u00e9 de rassembler de nouvelles informations et de d\u00e9terminer votre meilleur r\u00e9sultat \u00e0 l\u2019aide de la configuration adapt\u00e9e de la machine.<\/p>\n<p><strong>Ce qui vous attend\u00a0:<\/strong><\/p>\n<ul>\n<li>R\u00e9alisation d\u2019essais par un expert Reinartz<\/li>\n<li>Assistance personnelle tout au long de l\u2019essai<\/li>\n<li>Test de performance \u00e9tendu<\/li>\n<li>Optimisations\u00a0\/ r\u00e9glages individuels<\/li>\n<li>Rapport d\u2019essai d\u00e9taill\u00e9<\/li>\n<\/ul>\n<p>Une analyse de qualit\u00e9 garantie, r\u00e9alis\u00e9e par un laboratoire de recherche hautement sp\u00e9cialis\u00e9<\/p>\n","protected":false},"excerpt":{"rendered":"<p>Mettez la th\u00e9orie en pratique.\u00a0Faites r\u00e9aliser chez nous un pressage d\u2019essai r\u00e9pondant sp\u00e9cifiquement \u00e0 vos besoins. Vous avez ainsi la possibilit\u00e9 de rassembler de nouvelles informations et de d\u00e9terminer votre meilleur r\u00e9sultat \u00e0 l\u2019aide de la configuration adapt\u00e9e de la machine. Ce qui vous attend\u00a0: R\u00e9alisation d\u2019essais par un expert Reinartz Assistance personnelle tout au [&hellip;]<\/p>\n","protected":false},"author":2,"featured_media":0,"parent":0,"menu_order":0,"comment_status":"closed","ping_status":"closed","template":"","meta":{"_acf_changed":false,"inline_featured_image":false,"footnotes":""},"class_list":["post-5349","page","type-page","status-publish","hentry"],"acf":[],"yoast_head":"<!-- This site is optimized with the Yoast SEO plugin v27.4 - https:\/\/yoast.com\/product\/yoast-seo-wordpress\/ -->\n<title>Eprouv\u00e9s: pressages d\u2019essai - Reinartz<\/title>\n<meta name=\"robots\" content=\"index, follow, max-snippet:-1, max-image-preview:large, max-video-preview:-1\" \/>\n<link rel=\"canonical\" href=\"https:\/\/www.reinartz.de\/fr\/laboratoire-dessais\/\" \/>\n<meta property=\"og:locale\" content=\"fr_FR\" \/>\n<meta property=\"og:type\" content=\"article\" \/>\n<meta property=\"og:title\" content=\"Eprouv\u00e9s: pressages d\u2019essai - Reinartz\" \/>\n<meta property=\"og:description\" content=\"Mettez la th\u00e9orie en pratique.\u00a0Faites r\u00e9aliser chez nous un pressage d\u2019essai r\u00e9pondant sp\u00e9cifiquement \u00e0 vos besoins. Vous avez ainsi la possibilit\u00e9 de rassembler de nouvelles informations et de d\u00e9terminer votre meilleur r\u00e9sultat \u00e0 l\u2019aide de la configuration adapt\u00e9e de la machine. Ce qui vous attend\u00a0: R\u00e9alisation d\u2019essais par un expert Reinartz Assistance personnelle tout au [&hellip;]\" \/>\n<meta property=\"og:url\" content=\"https:\/\/www.reinartz.de\/fr\/laboratoire-dessais\/\" \/>\n<meta property=\"og:site_name\" content=\"Reinartz\" \/>\n<meta property=\"article:publisher\" content=\"https:\/\/www.facebook.com\/reinartzneuss\/\" \/>\n<meta property=\"article:modified_time\" content=\"2019-09-05T13:27:08+00:00\" \/>\n<script type=\"application\/ld+json\" class=\"yoast-schema-graph\">{\"@context\":\"https:\\\/\\\/schema.org\",\"@graph\":[{\"@type\":\"WebPage\",\"@id\":\"https:\\\/\\\/www.reinartz.de\\\/fr\\\/laboratoire-dessais\\\/\",\"url\":\"https:\\\/\\\/www.reinartz.de\\\/fr\\\/laboratoire-dessais\\\/\",\"name\":\"Eprouv\u00e9s: pressages d\u2019essai - Reinartz\",\"isPartOf\":{\"@id\":\"https:\\\/\\\/www.reinartz.de\\\/fr\\\/#website\"},\"datePublished\":\"2018-06-18T12:39:27+00:00\",\"dateModified\":\"2019-09-05T13:27:08+00:00\",\"breadcrumb\":{\"@id\":\"https:\\\/\\\/www.reinartz.de\\\/fr\\\/laboratoire-dessais\\\/#breadcrumb\"},\"inLanguage\":\"fr-FR\",\"potentialAction\":[{\"@type\":\"ReadAction\",\"target\":[\"https:\\\/\\\/www.reinartz.de\\\/fr\\\/laboratoire-dessais\\\/\"]}]},{\"@type\":\"BreadcrumbList\",\"@id\":\"https:\\\/\\\/www.reinartz.de\\\/fr\\\/laboratoire-dessais\\\/#breadcrumb\",\"itemListElement\":[{\"@type\":\"ListItem\",\"position\":1,\"name\":\"Home\",\"item\":\"https:\\\/\\\/www.reinartz.de\\\/fr\\\/\"},{\"@type\":\"ListItem\",\"position\":2,\"name\":\"Eprouv\u00e9s: pressages d\u2019essai\"}]},{\"@type\":\"WebSite\",\"@id\":\"https:\\\/\\\/www.reinartz.de\\\/fr\\\/#website\",\"url\":\"https:\\\/\\\/www.reinartz.de\\\/fr\\\/\",\"name\":\"Reinartz\",\"description\":\"Ihr spezialist  f\u00fcr Trennverfahren\",\"publisher\":{\"@id\":\"https:\\\/\\\/www.reinartz.de\\\/fr\\\/#organization\"},\"potentialAction\":[{\"@type\":\"SearchAction\",\"target\":{\"@type\":\"EntryPoint\",\"urlTemplate\":\"https:\\\/\\\/www.reinartz.de\\\/fr\\\/?s={search_term_string}\"},\"query-input\":{\"@type\":\"PropertyValueSpecification\",\"valueRequired\":true,\"valueName\":\"search_term_string\"}}],\"inLanguage\":\"fr-FR\"},{\"@type\":\"Organization\",\"@id\":\"https:\\\/\\\/www.reinartz.de\\\/fr\\\/#organization\",\"name\":\"Maschinenfabrik Reinartz GmbH & Co. KG\",\"url\":\"https:\\\/\\\/www.reinartz.de\\\/fr\\\/\",\"logo\":{\"@type\":\"ImageObject\",\"inLanguage\":\"fr-FR\",\"@id\":\"https:\\\/\\\/www.reinartz.de\\\/fr\\\/#\\\/schema\\\/logo\\\/image\\\/\",\"url\":\"https:\\\/\\\/www.reinartz.de\\\/wp-content\\\/uploads\\\/reinartz-logo.svg\",\"contentUrl\":\"https:\\\/\\\/www.reinartz.de\\\/wp-content\\\/uploads\\\/reinartz-logo.svg\",\"width\":1,\"height\":1,\"caption\":\"Maschinenfabrik Reinartz GmbH & Co. KG\"},\"image\":{\"@id\":\"https:\\\/\\\/www.reinartz.de\\\/fr\\\/#\\\/schema\\\/logo\\\/image\\\/\"},\"sameAs\":[\"https:\\\/\\\/www.facebook.com\\\/reinartzneuss\\\/\",\"https:\\\/\\\/www.instagram.com\\\/reinartzneuss\\\/?igshid=o5j2mix70syj\",\"https:\\\/\\\/www.youtube.com\\\/channel\\\/UCwFhOGzeYs1KRgx2nwWVHxg\",\"https:\\\/\\\/www.linkedin.com\\\/company\\\/reinartz\"]}]}<\/script>\n<!-- \/ Yoast SEO plugin. -->","yoast_head_json":{"title":"Eprouv\u00e9s: pressages d\u2019essai - Reinartz","robots":{"index":"index","follow":"follow","max-snippet":"max-snippet:-1","max-image-preview":"max-image-preview:large","max-video-preview":"max-video-preview:-1"},"canonical":"https:\/\/www.reinartz.de\/fr\/laboratoire-dessais\/","og_locale":"fr_FR","og_type":"article","og_title":"Eprouv\u00e9s: pressages d\u2019essai - Reinartz","og_description":"Mettez la th\u00e9orie en pratique.\u00a0Faites r\u00e9aliser chez nous un pressage d\u2019essai r\u00e9pondant sp\u00e9cifiquement \u00e0 vos besoins. Vous avez ainsi la possibilit\u00e9 de rassembler de nouvelles informations et de d\u00e9terminer votre meilleur r\u00e9sultat \u00e0 l\u2019aide de la configuration adapt\u00e9e de la machine. Ce qui vous attend\u00a0: R\u00e9alisation d\u2019essais par un expert Reinartz Assistance personnelle tout au [&hellip;]","og_url":"https:\/\/www.reinartz.de\/fr\/laboratoire-dessais\/","og_site_name":"Reinartz","article_publisher":"https:\/\/www.facebook.com\/reinartzneuss\/","article_modified_time":"2019-09-05T13:27:08+00:00","schema":{"@context":"https:\/\/schema.org","@graph":[{"@type":"WebPage","@id":"https:\/\/www.reinartz.de\/fr\/laboratoire-dessais\/","url":"https:\/\/www.reinartz.de\/fr\/laboratoire-dessais\/","name":"Eprouv\u00e9s: pressages d\u2019essai - Reinartz","isPartOf":{"@id":"https:\/\/www.reinartz.de\/fr\/#website"},"datePublished":"2018-06-18T12:39:27+00:00","dateModified":"2019-09-05T13:27:08+00:00","breadcrumb":{"@id":"https:\/\/www.reinartz.de\/fr\/laboratoire-dessais\/#breadcrumb"},"inLanguage":"fr-FR","potentialAction":[{"@type":"ReadAction","target":["https:\/\/www.reinartz.de\/fr\/laboratoire-dessais\/"]}]},{"@type":"BreadcrumbList","@id":"https:\/\/www.reinartz.de\/fr\/laboratoire-dessais\/#breadcrumb","itemListElement":[{"@type":"ListItem","position":1,"name":"Home","item":"https:\/\/www.reinartz.de\/fr\/"},{"@type":"ListItem","position":2,"name":"Eprouv\u00e9s: pressages d\u2019essai"}]},{"@type":"WebSite","@id":"https:\/\/www.reinartz.de\/fr\/#website","url":"https:\/\/www.reinartz.de\/fr\/","name":"Reinartz","description":"Ihr spezialist  f\u00fcr Trennverfahren","publisher":{"@id":"https:\/\/www.reinartz.de\/fr\/#organization"},"potentialAction":[{"@type":"SearchAction","target":{"@type":"EntryPoint","urlTemplate":"https:\/\/www.reinartz.de\/fr\/?s={search_term_string}"},"query-input":{"@type":"PropertyValueSpecification","valueRequired":true,"valueName":"search_term_string"}}],"inLanguage":"fr-FR"},{"@type":"Organization","@id":"https:\/\/www.reinartz.de\/fr\/#organization","name":"Maschinenfabrik Reinartz GmbH & Co. KG","url":"https:\/\/www.reinartz.de\/fr\/","logo":{"@type":"ImageObject","inLanguage":"fr-FR","@id":"https:\/\/www.reinartz.de\/fr\/#\/schema\/logo\/image\/","url":"https:\/\/www.reinartz.de\/wp-content\/uploads\/reinartz-logo.svg","contentUrl":"https:\/\/www.reinartz.de\/wp-content\/uploads\/reinartz-logo.svg","width":1,"height":1,"caption":"Maschinenfabrik Reinartz GmbH & Co. KG"},"image":{"@id":"https:\/\/www.reinartz.de\/fr\/#\/schema\/logo\/image\/"},"sameAs":["https:\/\/www.facebook.com\/reinartzneuss\/","https:\/\/www.instagram.com\/reinartzneuss\/?igshid=o5j2mix70syj","https:\/\/www.youtube.com\/channel\/UCwFhOGzeYs1KRgx2nwWVHxg","https:\/\/www.linkedin.com\/company\/reinartz"]}]}},"_links":{"self":[{"href":"https:\/\/www.reinartz.de\/fr\/wp-json\/wp\/v2\/pages\/5349","targetHints":{"allow":["GET"]}}],"collection":[{"href":"https:\/\/www.reinartz.de\/fr\/wp-json\/wp\/v2\/pages"}],"about":[{"href":"https:\/\/www.reinartz.de\/fr\/wp-json\/wp\/v2\/types\/page"}],"author":[{"embeddable":true,"href":"https:\/\/www.reinartz.de\/fr\/wp-json\/wp\/v2\/users\/2"}],"replies":[{"embeddable":true,"href":"https:\/\/www.reinartz.de\/fr\/wp-json\/wp\/v2\/comments?post=5349"}],"version-history":[{"count":0,"href":"https:\/\/www.reinartz.de\/fr\/wp-json\/wp\/v2\/pages\/5349\/revisions"}],"wp:attachment":[{"href":"https:\/\/www.reinartz.de\/fr\/wp-json\/wp\/v2\/media?parent=5349"}],"curies":[{"name":"wp","href":"https:\/\/api.w.org\/{rel}","templated":true}]}}