
{"id":9027,"date":"2019-08-26T15:43:20","date_gmt":"2019-08-26T13:43:20","guid":{"rendered":"https:\/\/www.reinartz.de\/produkte\/"},"modified":"2019-09-17T12:17:10","modified_gmt":"2019-09-17T10:17:10","slug":"produits","status":"publish","type":"page","link":"https:\/\/www.reinartz.de\/fr\/produits\/","title":{"rendered":"Produits"},"content":{"rendered":"<p class=\"bodytext\">L\u2019utilisation responsable et durable des mati\u00e8res premi\u00e8res naturelles nous tient \u00e0 c\u0153ur. Qu\u2019il s&rsquo;agisse d&rsquo;insectes, de plantes ou de biomasse, nous avons la solution adapt\u00e9e \u00e0 nos clients, ind\u00e9pendamment de la taille de l\u2019installation et du degr\u00e9 d\u2019automatisation. Gr\u00e2ce \u00e0 nos presses \u00e0 vis et nos installations compl\u00e8tes, nous offrons une vaste gamme de services allant du conditionnement \u00e0 la s\u00e9paration et de la filtration au stockage.<\/p>\n<div class=\"column-group columns-2\"><br \/>\n<div class=\"column column-number-1 column-span-1\"><\/p>\n<div class=\"hs_2c\">\n<h2><a title=\"Biomasse\" href=\"https:\/\/www.reinartz.de\/fr\/biomasse\/\">Biomasse<\/a><\/h2>\n<div class=\"hs_button_wrapper\">\n<div class=\"hs_button\"><a title=\"Biomasse\" href=\"https:\/\/www.reinartz.de\/fr\/biomasse\/\">plus<\/a><\/div>\n<\/div>\n<\/div>\n<p>\n<\/div><\/p>\n<p><div class=\"column column-number-2 last column-span-1\"><\/p>\n<div class=\"hs_2c\">\n<h2><a title=\"Huile V\u00e9g\u00e9tale\" href=\"https:\/\/www.reinartz.de\/fr\/huile-vegetale\/\">Huile V\u00e9g\u00e9tale<\/a><\/h2>\n<div class=\"hs_button_wrapper\">\n<div class=\"hs_button\"><a title=\"Huile V\u00e9g\u00e9tale\" href=\"https:\/\/www.reinartz.de\/fr\/huile-vegetale\/\">plus<\/a><\/div>\n<\/div>\n<\/div>\n<p>\n<\/div><br \/>\n<\/div>\n<div class=\"column-group columns-2\"><br \/>\n<div class=\"column column-number-1 column-span-1\"><\/p>\n<div class=\"hs_2c\">\n<h2><a title=\"Alimentation Animale - Proteines D'Insectes\" href=\"https:\/\/www.reinartz.de\/fr\/proteines-dinsectes\/\">Alimentation Animale<br \/>\nProteines D&rsquo;Insectes<\/a><\/h2>\n<div class=\"hs_button_wrapper\">\n<div class=\"hs_button\"><a title=\"Alimentation Animale - Proteines D'Insectes\" href=\"https:\/\/www.reinartz.de\/fr\/proteines-dinsectes\/\">plus<\/a><\/div>\n<\/div>\n<\/div>\n<p>\n<\/div><\/p>\n<p><div class=\"column column-number-2 last column-span-1\"><\/p>\n<div class=\"hs_2c\">\n<h2><a title=\"Alimentation Animale - Pflanzenproteine\" href=\"https:\/\/www.reinartz.de\/fr\/proteines-vegetales\/\">Alimentation Animale<br \/>\nProteines Vegetales<\/a><\/h2>\n<div class=\"hs_button_wrapper\">\n<div class=\"hs_button\"><a title=\"Alimentation Animale - Proteines Vegetales\" href=\"https:\/\/www.reinartz.de\/fr\/proteines-vegetales\/\">plus<\/a><\/div>\n<\/div>\n<\/div>\n<p>\n<\/div><br \/>\n<\/div>\n<div class=\"column-group columns-2\"><br \/>\n<div class=\"column column-number-1 column-span-1\"><\/p>\n<div class=\"hs_2c\">\n<h2><a title=\"Filtration\" href=\"https:\/\/www.reinartz.de\/fr\/filtration\/\">Filtration<\/a><\/h2>\n<div class=\"hs_button_wrapper\">\n<div class=\"hs_button\"><a title=\"Filtration\" href=\"https:\/\/www.reinartz.de\/fr\/filtration\/\">plus<\/a><\/div>\n<\/div>\n<\/div>\n<p>\n<\/div><\/p>\n<p><div class=\"column column-number-2 last column-span-1\"><\/p>\n<div class=\"hs_2c\">\n<h2><a title=\"Frig\u00e9lisation\" href=\"https:\/\/www.reinartz.de\/fr\/frigelisation\/\">Frig\u00e9lisation<\/a><\/h2>\n<div class=\"hs_button_wrapper\">\n<div class=\"hs_button\"><a title=\"Frig\u00e9lisation\" href=\"https:\/\/www.reinartz.de\/fr\/frigelisation\/\">plus<\/a><\/div>\n<\/div>\n<\/div>\n<p>\n<\/div><br \/>\n<\/div>\n<div class=\"column-group columns-2\"><br \/>\n<div class=\"column column-number-1 column-span-1\"><\/p>\n<div class=\"hs_2c\">\n<h2><a title=\"Stockage d\u2019huile - Cuves d\u2019huile Brute\" href=\"https:\/\/www.reinartz.de\/fr\/cuves-dhuile-brute\/\">Stockage d\u2019huile<br \/>Cuves d\u2019huile Brute<\/a><\/h2>\n<div class=\"hs_button_wrapper\">\n<div class=\"hs_button\"><a title=\"Stockage d\u2019huile - Cuves d\u2019huile Brute\" href=\"https:\/\/www.reinartz.de\/fr\/cuves-dhuile-brute\/\">plus<\/a><\/div>\n<\/div>\n<\/div>\n<p>\n<\/div><\/p>\n<p><div class=\"column column-number-2 last column-span-1\"><\/p>\n<div class=\"hs_2c\">\n<h2><a title=\"Stockage d\u2019huile - Stockage d\u2019huile propre\" href=\"https:\/\/www.reinartz.de\/fr\/securise-stocke-stockage-dhuile-propre\/\">Stockage d\u2019huile<br \/>Stockage d\u2019huile propre<\/a><\/h2>\n<div class=\"hs_button_wrapper\">\n<div class=\"hs_button\"><a title=\"Stockage d\u2019huile - Stockage d\u2019huile propre\" href=\"https:\/\/www.reinartz.de\/fr\/securise-stocke-stockage-dhuile-propre\/\">plus<\/a><\/div>\n<\/div>\n<\/div>\n<p>\n<\/div><br \/>\n<\/div>\n<div class=\"column-group columns-2\"><br \/>\n<div class=\"column column-number-1 column-span-1\"><\/p>\n<div class=\"hs_2c\">\n<h2><a title=\"CompacTropha\u00ae\" href=\"https:\/\/www.reinartz.de\/fr\/compactropha\/\">CompacTropha\u00ae<\/a><\/h2>\n<div class=\"hs_button_wrapper\">\n<div class=\"hs_button\"><a title=\"Rein\u00f6llager\" href=\"https:\/\/www.reinartz.de\/fr\/compactropha\/\">plus<\/a><\/div>\n<\/div>\n<\/div>\n<p>\n<\/div><\/p>\n<p><div class=\"column column-number-2 last column-span-1\"><\/p>\n<p>\n<\/div><br \/>\n<\/div>\n","protected":false},"excerpt":{"rendered":"<p>L\u2019utilisation responsable et durable des mati\u00e8res premi\u00e8res naturelles nous tient \u00e0 c\u0153ur. Qu\u2019il s&rsquo;agisse d&rsquo;insectes, de plantes ou de biomasse, nous avons la solution adapt\u00e9e \u00e0 nos clients, ind\u00e9pendamment de la taille de l\u2019installation et du degr\u00e9 d\u2019automatisation. Gr\u00e2ce \u00e0 nos presses \u00e0 vis et nos installations compl\u00e8tes, nous offrons une vaste gamme de services [&hellip;]<\/p>\n","protected":false},"author":4,"featured_media":0,"parent":0,"menu_order":0,"comment_status":"closed","ping_status":"closed","template":"","meta":{"_acf_changed":false,"inline_featured_image":false,"footnotes":""},"class_list":["post-9027","page","type-page","status-publish","hentry"],"acf":[],"yoast_head":"<!-- This site is optimized with the Yoast SEO plugin v27.4 - https:\/\/yoast.com\/product\/yoast-seo-wordpress\/ -->\n<title>Produits - Reinartz<\/title>\n<meta name=\"robots\" content=\"index, follow, max-snippet:-1, max-image-preview:large, max-video-preview:-1\" \/>\n<link rel=\"canonical\" href=\"https:\/\/www.reinartz.de\/fr\/produits\/\" \/>\n<meta property=\"og:locale\" content=\"fr_FR\" \/>\n<meta property=\"og:type\" content=\"article\" \/>\n<meta property=\"og:title\" content=\"Produits - Reinartz\" \/>\n<meta property=\"og:description\" content=\"L\u2019utilisation responsable et durable des mati\u00e8res premi\u00e8res naturelles nous tient \u00e0 c\u0153ur. Qu\u2019il s&rsquo;agisse d&rsquo;insectes, de plantes ou de biomasse, nous avons la solution adapt\u00e9e \u00e0 nos clients, ind\u00e9pendamment de la taille de l\u2019installation et du degr\u00e9 d\u2019automatisation. Gr\u00e2ce \u00e0 nos presses \u00e0 vis et nos installations compl\u00e8tes, nous offrons une vaste gamme de services [&hellip;]\" \/>\n<meta property=\"og:url\" content=\"https:\/\/www.reinartz.de\/fr\/produits\/\" \/>\n<meta property=\"og:site_name\" content=\"Reinartz\" \/>\n<meta property=\"article:publisher\" content=\"https:\/\/www.facebook.com\/reinartzneuss\/\" \/>\n<meta property=\"article:modified_time\" content=\"2019-09-17T10:17:10+00:00\" \/>\n<script type=\"application\/ld+json\" class=\"yoast-schema-graph\">{\"@context\":\"https:\\\/\\\/schema.org\",\"@graph\":[{\"@type\":\"WebPage\",\"@id\":\"https:\\\/\\\/www.reinartz.de\\\/fr\\\/produits\\\/\",\"url\":\"https:\\\/\\\/www.reinartz.de\\\/fr\\\/produits\\\/\",\"name\":\"Produits - Reinartz\",\"isPartOf\":{\"@id\":\"https:\\\/\\\/www.reinartz.de\\\/fr\\\/#website\"},\"datePublished\":\"2019-08-26T13:43:20+00:00\",\"dateModified\":\"2019-09-17T10:17:10+00:00\",\"breadcrumb\":{\"@id\":\"https:\\\/\\\/www.reinartz.de\\\/fr\\\/produits\\\/#breadcrumb\"},\"inLanguage\":\"fr-FR\",\"potentialAction\":[{\"@type\":\"ReadAction\",\"target\":[\"https:\\\/\\\/www.reinartz.de\\\/fr\\\/produits\\\/\"]}]},{\"@type\":\"BreadcrumbList\",\"@id\":\"https:\\\/\\\/www.reinartz.de\\\/fr\\\/produits\\\/#breadcrumb\",\"itemListElement\":[{\"@type\":\"ListItem\",\"position\":1,\"name\":\"Home\",\"item\":\"https:\\\/\\\/www.reinartz.de\\\/fr\\\/\"},{\"@type\":\"ListItem\",\"position\":2,\"name\":\"Produits\"}]},{\"@type\":\"WebSite\",\"@id\":\"https:\\\/\\\/www.reinartz.de\\\/fr\\\/#website\",\"url\":\"https:\\\/\\\/www.reinartz.de\\\/fr\\\/\",\"name\":\"Reinartz\",\"description\":\"Ihr spezialist  f\u00fcr Trennverfahren\",\"publisher\":{\"@id\":\"https:\\\/\\\/www.reinartz.de\\\/fr\\\/#organization\"},\"potentialAction\":[{\"@type\":\"SearchAction\",\"target\":{\"@type\":\"EntryPoint\",\"urlTemplate\":\"https:\\\/\\\/www.reinartz.de\\\/fr\\\/?s={search_term_string}\"},\"query-input\":{\"@type\":\"PropertyValueSpecification\",\"valueRequired\":true,\"valueName\":\"search_term_string\"}}],\"inLanguage\":\"fr-FR\"},{\"@type\":\"Organization\",\"@id\":\"https:\\\/\\\/www.reinartz.de\\\/fr\\\/#organization\",\"name\":\"Maschinenfabrik Reinartz GmbH & Co. KG\",\"url\":\"https:\\\/\\\/www.reinartz.de\\\/fr\\\/\",\"logo\":{\"@type\":\"ImageObject\",\"inLanguage\":\"fr-FR\",\"@id\":\"https:\\\/\\\/www.reinartz.de\\\/fr\\\/#\\\/schema\\\/logo\\\/image\\\/\",\"url\":\"https:\\\/\\\/www.reinartz.de\\\/wp-content\\\/uploads\\\/reinartz-logo.svg\",\"contentUrl\":\"https:\\\/\\\/www.reinartz.de\\\/wp-content\\\/uploads\\\/reinartz-logo.svg\",\"width\":1,\"height\":1,\"caption\":\"Maschinenfabrik Reinartz GmbH & Co. KG\"},\"image\":{\"@id\":\"https:\\\/\\\/www.reinartz.de\\\/fr\\\/#\\\/schema\\\/logo\\\/image\\\/\"},\"sameAs\":[\"https:\\\/\\\/www.facebook.com\\\/reinartzneuss\\\/\",\"https:\\\/\\\/www.instagram.com\\\/reinartzneuss\\\/?igshid=o5j2mix70syj\",\"https:\\\/\\\/www.youtube.com\\\/channel\\\/UCwFhOGzeYs1KRgx2nwWVHxg\",\"https:\\\/\\\/www.linkedin.com\\\/company\\\/reinartz\"]}]}<\/script>\n<!-- \/ Yoast SEO plugin. -->","yoast_head_json":{"title":"Produits - Reinartz","robots":{"index":"index","follow":"follow","max-snippet":"max-snippet:-1","max-image-preview":"max-image-preview:large","max-video-preview":"max-video-preview:-1"},"canonical":"https:\/\/www.reinartz.de\/fr\/produits\/","og_locale":"fr_FR","og_type":"article","og_title":"Produits - Reinartz","og_description":"L\u2019utilisation responsable et durable des mati\u00e8res premi\u00e8res naturelles nous tient \u00e0 c\u0153ur. Qu\u2019il s&rsquo;agisse d&rsquo;insectes, de plantes ou de biomasse, nous avons la solution adapt\u00e9e \u00e0 nos clients, ind\u00e9pendamment de la taille de l\u2019installation et du degr\u00e9 d\u2019automatisation. Gr\u00e2ce \u00e0 nos presses \u00e0 vis et nos installations compl\u00e8tes, nous offrons une vaste gamme de services [&hellip;]","og_url":"https:\/\/www.reinartz.de\/fr\/produits\/","og_site_name":"Reinartz","article_publisher":"https:\/\/www.facebook.com\/reinartzneuss\/","article_modified_time":"2019-09-17T10:17:10+00:00","schema":{"@context":"https:\/\/schema.org","@graph":[{"@type":"WebPage","@id":"https:\/\/www.reinartz.de\/fr\/produits\/","url":"https:\/\/www.reinartz.de\/fr\/produits\/","name":"Produits - Reinartz","isPartOf":{"@id":"https:\/\/www.reinartz.de\/fr\/#website"},"datePublished":"2019-08-26T13:43:20+00:00","dateModified":"2019-09-17T10:17:10+00:00","breadcrumb":{"@id":"https:\/\/www.reinartz.de\/fr\/produits\/#breadcrumb"},"inLanguage":"fr-FR","potentialAction":[{"@type":"ReadAction","target":["https:\/\/www.reinartz.de\/fr\/produits\/"]}]},{"@type":"BreadcrumbList","@id":"https:\/\/www.reinartz.de\/fr\/produits\/#breadcrumb","itemListElement":[{"@type":"ListItem","position":1,"name":"Home","item":"https:\/\/www.reinartz.de\/fr\/"},{"@type":"ListItem","position":2,"name":"Produits"}]},{"@type":"WebSite","@id":"https:\/\/www.reinartz.de\/fr\/#website","url":"https:\/\/www.reinartz.de\/fr\/","name":"Reinartz","description":"Ihr spezialist  f\u00fcr Trennverfahren","publisher":{"@id":"https:\/\/www.reinartz.de\/fr\/#organization"},"potentialAction":[{"@type":"SearchAction","target":{"@type":"EntryPoint","urlTemplate":"https:\/\/www.reinartz.de\/fr\/?s={search_term_string}"},"query-input":{"@type":"PropertyValueSpecification","valueRequired":true,"valueName":"search_term_string"}}],"inLanguage":"fr-FR"},{"@type":"Organization","@id":"https:\/\/www.reinartz.de\/fr\/#organization","name":"Maschinenfabrik Reinartz GmbH & Co. KG","url":"https:\/\/www.reinartz.de\/fr\/","logo":{"@type":"ImageObject","inLanguage":"fr-FR","@id":"https:\/\/www.reinartz.de\/fr\/#\/schema\/logo\/image\/","url":"https:\/\/www.reinartz.de\/wp-content\/uploads\/reinartz-logo.svg","contentUrl":"https:\/\/www.reinartz.de\/wp-content\/uploads\/reinartz-logo.svg","width":1,"height":1,"caption":"Maschinenfabrik Reinartz GmbH & Co. KG"},"image":{"@id":"https:\/\/www.reinartz.de\/fr\/#\/schema\/logo\/image\/"},"sameAs":["https:\/\/www.facebook.com\/reinartzneuss\/","https:\/\/www.instagram.com\/reinartzneuss\/?igshid=o5j2mix70syj","https:\/\/www.youtube.com\/channel\/UCwFhOGzeYs1KRgx2nwWVHxg","https:\/\/www.linkedin.com\/company\/reinartz"]}]}},"_links":{"self":[{"href":"https:\/\/www.reinartz.de\/fr\/wp-json\/wp\/v2\/pages\/9027","targetHints":{"allow":["GET"]}}],"collection":[{"href":"https:\/\/www.reinartz.de\/fr\/wp-json\/wp\/v2\/pages"}],"about":[{"href":"https:\/\/www.reinartz.de\/fr\/wp-json\/wp\/v2\/types\/page"}],"author":[{"embeddable":true,"href":"https:\/\/www.reinartz.de\/fr\/wp-json\/wp\/v2\/users\/4"}],"replies":[{"embeddable":true,"href":"https:\/\/www.reinartz.de\/fr\/wp-json\/wp\/v2\/comments?post=9027"}],"version-history":[{"count":0,"href":"https:\/\/www.reinartz.de\/fr\/wp-json\/wp\/v2\/pages\/9027\/revisions"}],"wp:attachment":[{"href":"https:\/\/www.reinartz.de\/fr\/wp-json\/wp\/v2\/media?parent=9027"}],"curies":[{"name":"wp","href":"https:\/\/api.w.org\/{rel}","templated":true}]}}